{"id":8188,"date":"2019-02-07T12:31:01","date_gmt":"2019-02-07T09:31:01","guid":{"rendered":"https:\/\/www.czech-massage.cz\/?page_id=8188"},"modified":"2025-04-15T21:12:48","modified_gmt":"2025-04-15T20:12:48","slug":"hotel-service","status":"publish","type":"page","link":"https:\/\/www.czech-massage.cz\/cs\/hotel-service\/","title":{"rendered":"Hotelov\u00fd servis"},"content":{"rendered":"<section class=\"wpb-content-wrapper\"><p>[vc_row row_type=&#8220;row&#8220; content_width=&#8220;full-width&#8220; anchor=&#8220;&#8220; content_aligment=&#8220;left&#8220; css_animation=&#8220;&#8220; css=&#8220;.vc_custom_1548410752146{margin-bottom: 30px !important;}&#8220;][vc_column width=&#8220;1\/2&#8243;][vc_single_image image=&#8220;5177&#8243; img_size=&#8220;full&#8220; alignment=&#8220;center&#8220;][\/vc_column][vc_column width=&#8220;1\/2&#8243;][vc_column_text]Escort servis neboli outcall je vysloven\u011b pro ty, kte\u0159\u00ed se c\u00edt\u00ed pohodln\u011bji na sv\u00e9m \u00fazem\u00ed jako je nap\u0159\u00edklad hotel nebo apartm\u00e1n.<\/p>\n<p>Pokud nem\u016f\u017eete nav\u0161t\u00edvit n\u00e1\u0161 salon, nen\u00ed to \u017e\u00e1dn\u00fd probl\u00e9m, proto\u017ee mas\u00e1\u017e m\u016f\u017ee b\u00fdt snadno uspo\u0159\u00e1d\u00e1na na jak\u00e9mkoliv m\u00edst\u011b. Jednodu\u0161e Vyberte d\u00e1mu, mas\u00e1\u017e kter\u00e1 se v\u00e1m bude l\u00edbit a p\u0159ipravte se na nejlep\u0161\u00ed \u010das va\u0161eho \u017eivota!<\/p>\n<p>Escort servis je ur\u010den jak pro p\u00e1ny, tak i d\u00e1my a samoz\u0159ejm\u011b zv\u011bdav\u00e9 p\u00e1ry![\/vc_column_text][vc_column_text css=&#8220;.vc_custom_1744744484774{margin-top: 30px !important;}&#8220;]<\/p>\n<pre style=\"text-align: center;\">Cen\u00edk\r\n60 min \u2014 from 2500 K\u010d(115\u20ac) + taxi\r\n90 min \u2014 from 3500 K\u010d(160\u20ac) + taxi<\/pre>\n<div id=\"gtx-trans\" style=\"position: absolute; left: 78px; top: 14px;\">\n<div class=\"gtx-trans-icon\"><\/div>\n<\/div>\n<p>[\/vc_column_text][\/vc_column][\/vc_row][vc_row row_type=&#8220;row&#8220; content_width=&#8220;full-width&#8220; anchor=&#8220;&#8220; content_aligment=&#8220;left&#8220; css_animation=&#8220;&#8220; css=&#8220;.vc_custom_1548410854722{background-color: #171d22 !important;}&#8220;][vc_column el_class=&#8220;gunavor&#8220;]<div class=\"eltd-separator-holder clearfix  eltd-separator-center eltd-separator-full-width\">\r\n\t<div class=\"eltd-separator\" style=\"border-color: #dd9933;border-style: solid\"><\/div>\r\n<\/div>\r\n[vc_column_text]<\/p>\n<h2 class=\"eltd-section-title\" style=\"text-align: center;\">VOLBA JE POUZE NA V\u00c1S<\/h2>\n<p>[\/vc_column_text][vc_row_inner row_type=&#8220;row&#8220; content_width=&#8220;full-width&#8220; content_aligment=&#8220;left&#8220; css_animation=&#8220;&#8220; el_class=&#8220;manushak&#8220;][vc_column_inner width=&#8220;1\/3&#8243;][vc_column_text]<\/p>\n<ul>\n<li style=\"text-align: center;\"><a href=\"\/\/czech-massage.cz\/cs\/erotic-massage\/\">Erotick\u00e1 mas\u00e1\u017e<\/a><\/li>\n<li style=\"text-align: center;\"><a href=\"\/\/czech-massage.cz\/cs\/tantra-massage\/\">Tantrick\u00e1 mas\u00e1\u017e<\/a><\/li>\n<li style=\"text-align: center;\"><a href=\"\/\/czech-massage.cz\/cs\/relaxating-massage\/\">Relaxa\u010dn\u00ed mas\u00e1\u017e<\/a><\/li>\n<li style=\"text-align: center;\"><a href=\"\/\/czech-massage.cz\/cs\/hawaiian-massage\/\">Havajsk\u00e1 mas\u00e1\u017ees 2 sle\u010dny<\/a><\/li>\n<\/ul>\n<p>[\/vc_column_text][\/vc_column_inner][vc_column_inner width=&#8220;1\/3&#8243;][vc_column_text]<\/p>\n<ul>\n<li style=\"text-align: center;\"><a href=\"\/\/czech-massage.cz\/cs\/royal-vip-massage\/\">Kr\u00e1lovsk\u00e1 VIP mas\u00e1\u017e<\/a><\/li>\n<li style=\"text-align: center;\"><a href=\"\/\/czech-massage.cz\/cs\/swingers-massage\/\">Swingers mas\u00e1\u017e<\/a><\/li>\n<li style=\"text-align: center;\"><a href=\"\/\/czech-massage.cz\/cs\/nuru-massage\/\">Nuru mas\u00e1\u017e<\/a><\/li>\n<li style=\"text-align: center;\"><a href=\"\/\/czech-massage.cz\/cs\/nuru-massage\/\">Nuru mas\u00e1\u017e 2 sle\u010dny<\/a><\/li>\n<\/ul>\n<p>[\/vc_column_text][\/vc_column_inner][vc_column_inner width=&#8220;1\/3&#8243;][vc_column_text]<\/p>\n<ul>\n<li style=\"text-align: center;\"><a href=\"\/\/czech-massage.cz\/cs\/secret-massage\/\">Tajemn\u00e1 mas\u00e1\u017e<\/a><\/li>\n<li style=\"text-align: center;\"><a href=\"\/\/czech-massage.cz\/cs\/lingam-massage\/\">Lingam mas\u00e1\u017e<\/a><\/li>\n<li style=\"text-align: center;\"><a href=\"\/\/czech-massage.cz\/cs\/happy-moments\/\">Happy moment<\/a><\/li>\n<li style=\"text-align: center;\"><a href=\"\/\/czech-massage.cz\/cs\/hotel-service\/\">Hotelov\u00fd servis<\/a><\/li>\n<\/ul>\n<p>[\/vc_column_text][\/vc_column_inner][\/vc_row_inner]<div class=\"eltd-separator-holder clearfix  eltd-separator-center eltd-separator-full-width\">\r\n\t<div class=\"eltd-separator\" style=\"border-color: #dd9933;border-style: solid\"><\/div>\r\n<\/div>\r\n[\/vc_column][\/vc_row][vc_row row_type=&#8220;row&#8220; content_width=&#8220;full-width&#8220; anchor=&#8220;&#8220; content_aligment=&#8220;left&#8220; css_animation=&#8220;&#8220;][vc_column][vc_column_text]<\/p>\n<p style=\"text-align: center;\">KDY JSME TU PRO V\u00c1S ?<br \/>\nMas\u00e1\u017e si m\u016f\u017eete objednat prost\u0159ednictv\u00edm na\u0161eho rezerva\u010dn\u00edho syst\u00e9mu na t\u00e9to webov\u00e9 str\u00e1nce<br \/>\nnebo u na\u0161i telefonni oper\u00e1torky.<\/p>\n<p style=\"text-align: center;\">PO-P\u00c1 od 10:00 do 24:00<br \/>\nSO-NE od 11:00 do 01:00<\/p>\n<p style=\"text-align: center;\"><a href=\"tel:+420 608 900 248\">Tel: +420 608 900 248\u00a0<\/a> <a href=\"viber:\/\/contact?number=%2B420608900248\"><img loading=\"lazy\" class=\"\" src=\"https:\/\/www.czech-massage.cz\/wp-content\/uploads\/2019\/02\/viber.png\" alt=\"Viber\" width=\"30\" height=\"auto\" \/><\/a> <a title=\"WhatsApp\" href=\"whatsapp:\/\/send?phone=+420608900248\"><img loading=\"lazy\" src=\"https:\/\/www.czech-massage.cz\/wp-content\/uploads\/2019\/02\/Whatsapp.png\" alt=\"Whatsapp\" width=\"30\" height=\"auto\" \/><\/a><\/p>\n<p style=\"text-align: center;\"><a href=\"mailto:glamour363@gmail.com\"> E-mail: glamour363@gmail.com <\/a><\/p>\n<p><!--\n\n\n<p style=\"text-align: center;\">[eltd_button size=\"\" type=\"solid\" text=\"Booking\" custom_class=\"\" icon_pack=\"font_awesome\" fa_icon=\"\" link=\"\/\/czech-massage.cz\/cs\/booking\/\" target=\"_self\" color=\"\" hover_color=\"\" background_color=\"red\" hover_background_color=\"\" border_color=\"\" hover_border_color=\"\" font_size=\"\" font_weight=\"400\" margin=\"\"]<\/p>\n\n\n--><\/p>\n<p style=\"text-align: center;\"><a class=\"eltd-btn eltd-btn-medium eltd-btn-solid\" style=\"background-color: red; font-weight: 400; padding: 13px 43px;\" href=\"whatsapp:\/\/send?phone=+420608900248\"><span class=\"eltd-btn-text\">Booking<\/span><i class=\"eltd-icon-font-awesome fa\"><\/i><\/a><\/p>\n<p>[\/vc_column_text]<div class=\"eltd-separator-holder clearfix  eltd-separator-center eltd-separator-full-width\">\r\n\t<div class=\"eltd-separator\" style=\"border-color: #dd9933;border-style: solid\"><\/div>\r\n<\/div>\r\n[\/vc_column][\/vc_row]<\/p>\n<\/section>","protected":false},"excerpt":{"rendered":"<p>[vc_row row_type=&#8220;row&#8220; content_width=&#8220;full-width&#8220; anchor=&#8220;&#8220; content_aligment=&#8220;left&#8220; css_animation=&#8220;&#8220; css=&#8220;.vc_custom_1548410752146{margin-bottom: 30px !important;}&#8220;][vc_column width=&#8220;1\/2&#8243;][vc_single_image image=&#8220;5177&#8243; img_size=&#8220;full&#8220; alignment=&#8220;center&#8220;][\/vc_column][vc_column width=&#8220;1\/2&#8243;][vc_column_text]Escort servis neboli outcall je vysloven\u011b pro ty, kte\u0159\u00ed se c\u00edt\u00ed pohodln\u011bji na sv\u00e9m \u00fazem\u00ed jako je nap\u0159\u00edklad hotel nebo apartm\u00e1n. Pokud nem\u016f\u017eete nav\u0161t\u00edvit n\u00e1\u0161 salon, nen\u00ed to \u017e\u00e1dn\u00fd probl\u00e9m, proto\u017ee mas\u00e1\u017e&#8230;<\/p>\n","protected":false},"author":1,"featured_media":0,"parent":0,"menu_order":0,"comment_status":"closed","ping_status":"closed","template":"","meta":[],"yoast_head":"<!-- This site is optimized with the Yoast SEO plugin v20.1 - https:\/\/yoast.com\/wordpress\/plugins\/seo\/ -->\n<title>Hotelov\u00fd servis |<\/title>\n<meta name=\"robots\" content=\"index, follow, max-snippet:-1, max-image-preview:large, max-video-preview:-1\" \/>\n<link rel=\"canonical\" href=\"https:\/\/www.czech-massage.cz\/cs\/hotel-service\/\" \/>\n<meta property=\"og:locale\" content=\"cs_CZ\" \/>\n<meta property=\"og:type\" content=\"article\" \/>\n<meta property=\"og:title\" content=\"Hotelov\u00fd servis |\" \/>\n<meta property=\"og:description\" content=\"[vc_row row_type=&#8220;row&#8220; content_width=&#8220;full-width&#8220; anchor=&#8220;&#8220; content_aligment=&#8220;left&#8220; css_animation=&#8220;&#8220; css=&#8220;.vc_custom_1548410752146{margin-bottom: 30px !important;}&#8220;][vc_column width=&#8220;1\/2&#8243;][vc_single_image image=&#8220;5177&#8243; img_size=&#8220;full&#8220; alignment=&#8220;center&#8220;][\/vc_column][vc_column width=&#8220;1\/2&#8243;][vc_column_text]Escort servis neboli outcall je vysloven\u011b pro ty, kte\u0159\u00ed se c\u00edt\u00ed pohodln\u011bji na sv\u00e9m \u00fazem\u00ed jako je nap\u0159\u00edklad hotel nebo apartm\u00e1n. Pokud nem\u016f\u017eete nav\u0161t\u00edvit n\u00e1\u0161 salon, nen\u00ed to \u017e\u00e1dn\u00fd probl\u00e9m, proto\u017ee mas\u00e1\u017e...\" \/>\n<meta property=\"og:url\" content=\"https:\/\/www.czech-massage.cz\/cs\/hotel-service\/\" \/>\n<meta property=\"article:modified_time\" content=\"2025-04-15T20:12:48+00:00\" \/>\n<meta property=\"og:image\" content=\"https:\/\/www.czech-massage.cz\/wp-content\/uploads\/2019\/02\/viber.png\" \/>\n<meta name=\"twitter:card\" content=\"summary_large_image\" \/>\n<meta name=\"twitter:label1\" content=\"Odhadovan\u00e1 doba \u010dten\u00ed\" \/>\n\t<meta name=\"twitter:data1\" content=\"2 minuty\" \/>\n<script type=\"application\/ld+json\" class=\"yoast-schema-graph\">{\"@context\":\"https:\/\/schema.org\",\"@graph\":[{\"@type\":\"WebPage\",\"@id\":\"https:\/\/www.czech-massage.cz\/cs\/hotel-service\/\",\"url\":\"https:\/\/www.czech-massage.cz\/cs\/hotel-service\/\",\"name\":\"Hotelov\u00fd servis |\",\"isPartOf\":{\"@id\":\"https:\/\/www.czech-massage.cz\/#website\"},\"datePublished\":\"2019-02-07T09:31:01+00:00\",\"dateModified\":\"2025-04-15T20:12:48+00:00\",\"breadcrumb\":{\"@id\":\"https:\/\/www.czech-massage.cz\/cs\/hotel-service\/#breadcrumb\"},\"inLanguage\":\"cs\",\"potentialAction\":[{\"@type\":\"ReadAction\",\"target\":[\"https:\/\/www.czech-massage.cz\/cs\/hotel-service\/\"]}]},{\"@type\":\"BreadcrumbList\",\"@id\":\"https:\/\/www.czech-massage.cz\/cs\/hotel-service\/#breadcrumb\",\"itemListElement\":[{\"@type\":\"ListItem\",\"position\":1,\"name\":\"Home\",\"item\":\"https:\/\/www.czech-massage.cz\/cs\/\"},{\"@type\":\"ListItem\",\"position\":2,\"name\":\"Hotelov\u00fd servis\"}]},{\"@type\":\"WebSite\",\"@id\":\"https:\/\/www.czech-massage.cz\/#website\",\"url\":\"https:\/\/www.czech-massage.cz\/\",\"name\":\"\",\"description\":\"\",\"publisher\":{\"@id\":\"https:\/\/www.czech-massage.cz\/#organization\"},\"potentialAction\":[{\"@type\":\"SearchAction\",\"target\":{\"@type\":\"EntryPoint\",\"urlTemplate\":\"https:\/\/www.czech-massage.cz\/?s={search_term_string}\"},\"query-input\":\"required name=search_term_string\"}],\"inLanguage\":\"cs\"},{\"@type\":\"Organization\",\"@id\":\"https:\/\/www.czech-massage.cz\/#organization\",\"name\":\"Glamour Studio\",\"url\":\"https:\/\/www.czech-massage.cz\/\",\"logo\":{\"@type\":\"ImageObject\",\"inLanguage\":\"cs\",\"@id\":\"https:\/\/www.czech-massage.cz\/#\/schema\/logo\/image\/\",\"url\":\"https:\/\/www.czech-massage.cz\/wp-content\/uploads\/2019\/01\/glamur.png\",\"contentUrl\":\"https:\/\/www.czech-massage.cz\/wp-content\/uploads\/2019\/01\/glamur.png\",\"width\":540,\"height\":233,\"caption\":\"Glamour Studio\"},\"image\":{\"@id\":\"https:\/\/www.czech-massage.cz\/#\/schema\/logo\/image\/\"}}]}<\/script>\n<!-- \/ Yoast SEO plugin. -->","yoast_head_json":{"title":"Hotelov\u00fd servis |","robots":{"index":"index","follow":"follow","max-snippet":"max-snippet:-1","max-image-preview":"max-image-preview:large","max-video-preview":"max-video-preview:-1"},"canonical":"https:\/\/www.czech-massage.cz\/cs\/hotel-service\/","og_locale":"cs_CZ","og_type":"article","og_title":"Hotelov\u00fd servis |","og_description":"[vc_row row_type=&#8220;row&#8220; content_width=&#8220;full-width&#8220; anchor=&#8220;&#8220; content_aligment=&#8220;left&#8220; css_animation=&#8220;&#8220; css=&#8220;.vc_custom_1548410752146{margin-bottom: 30px !important;}&#8220;][vc_column width=&#8220;1\/2&#8243;][vc_single_image image=&#8220;5177&#8243; img_size=&#8220;full&#8220; alignment=&#8220;center&#8220;][\/vc_column][vc_column width=&#8220;1\/2&#8243;][vc_column_text]Escort servis neboli outcall je vysloven\u011b pro ty, kte\u0159\u00ed se c\u00edt\u00ed pohodln\u011bji na sv\u00e9m \u00fazem\u00ed jako je nap\u0159\u00edklad hotel nebo apartm\u00e1n. Pokud nem\u016f\u017eete nav\u0161t\u00edvit n\u00e1\u0161 salon, nen\u00ed to \u017e\u00e1dn\u00fd probl\u00e9m, proto\u017ee mas\u00e1\u017e...","og_url":"https:\/\/www.czech-massage.cz\/cs\/hotel-service\/","article_modified_time":"2025-04-15T20:12:48+00:00","og_image":[{"url":"https:\/\/www.czech-massage.cz\/wp-content\/uploads\/2019\/02\/viber.png"}],"twitter_card":"summary_large_image","twitter_misc":{"Odhadovan\u00e1 doba \u010dten\u00ed":"2 minuty"},"schema":{"@context":"https:\/\/schema.org","@graph":[{"@type":"WebPage","@id":"https:\/\/www.czech-massage.cz\/cs\/hotel-service\/","url":"https:\/\/www.czech-massage.cz\/cs\/hotel-service\/","name":"Hotelov\u00fd servis |","isPartOf":{"@id":"https:\/\/www.czech-massage.cz\/#website"},"datePublished":"2019-02-07T09:31:01+00:00","dateModified":"2025-04-15T20:12:48+00:00","breadcrumb":{"@id":"https:\/\/www.czech-massage.cz\/cs\/hotel-service\/#breadcrumb"},"inLanguage":"cs","potentialAction":[{"@type":"ReadAction","target":["https:\/\/www.czech-massage.cz\/cs\/hotel-service\/"]}]},{"@type":"BreadcrumbList","@id":"https:\/\/www.czech-massage.cz\/cs\/hotel-service\/#breadcrumb","itemListElement":[{"@type":"ListItem","position":1,"name":"Home","item":"https:\/\/www.czech-massage.cz\/cs\/"},{"@type":"ListItem","position":2,"name":"Hotelov\u00fd servis"}]},{"@type":"WebSite","@id":"https:\/\/www.czech-massage.cz\/#website","url":"https:\/\/www.czech-massage.cz\/","name":"","description":"","publisher":{"@id":"https:\/\/www.czech-massage.cz\/#organization"},"potentialAction":[{"@type":"SearchAction","target":{"@type":"EntryPoint","urlTemplate":"https:\/\/www.czech-massage.cz\/?s={search_term_string}"},"query-input":"required name=search_term_string"}],"inLanguage":"cs"},{"@type":"Organization","@id":"https:\/\/www.czech-massage.cz\/#organization","name":"Glamour Studio","url":"https:\/\/www.czech-massage.cz\/","logo":{"@type":"ImageObject","inLanguage":"cs","@id":"https:\/\/www.czech-massage.cz\/#\/schema\/logo\/image\/","url":"https:\/\/www.czech-massage.cz\/wp-content\/uploads\/2019\/01\/glamur.png","contentUrl":"https:\/\/www.czech-massage.cz\/wp-content\/uploads\/2019\/01\/glamur.png","width":540,"height":233,"caption":"Glamour Studio"},"image":{"@id":"https:\/\/www.czech-massage.cz\/#\/schema\/logo\/image\/"}}]}},"_links":{"self":[{"href":"https:\/\/www.czech-massage.cz\/cs\/wp-json\/wp\/v2\/pages\/8188"}],"collection":[{"href":"https:\/\/www.czech-massage.cz\/cs\/wp-json\/wp\/v2\/pages"}],"about":[{"href":"https:\/\/www.czech-massage.cz\/cs\/wp-json\/wp\/v2\/types\/page"}],"author":[{"embeddable":true,"href":"https:\/\/www.czech-massage.cz\/cs\/wp-json\/wp\/v2\/users\/1"}],"replies":[{"embeddable":true,"href":"https:\/\/www.czech-massage.cz\/cs\/wp-json\/wp\/v2\/comments?post=8188"}],"version-history":[{"count":4,"href":"https:\/\/www.czech-massage.cz\/cs\/wp-json\/wp\/v2\/pages\/8188\/revisions"}],"predecessor-version":[{"id":11507,"href":"https:\/\/www.czech-massage.cz\/cs\/wp-json\/wp\/v2\/pages\/8188\/revisions\/11507"}],"wp:attachment":[{"href":"https:\/\/www.czech-massage.cz\/cs\/wp-json\/wp\/v2\/media?parent=8188"}],"curies":[{"name":"wp","href":"https:\/\/api.w.org\/{rel}","templated":true}]}}