{"id":8165,"date":"2019-02-07T12:09:14","date_gmt":"2019-02-07T09:09:14","guid":{"rendered":"https:\/\/www.czech-massage.cz\/?page_id=8165"},"modified":"2025-04-15T21:26:50","modified_gmt":"2025-04-15T20:26:50","slug":"nuru-massage","status":"publish","type":"page","link":"https:\/\/www.czech-massage.cz\/cs\/nuru-massage\/","title":{"rendered":"Nuru mas\u00e1\u017e"},"content":{"rendered":"<section class=\"wpb-content-wrapper\"><p>[vc_row row_type=&#8220;row&#8220; content_width=&#8220;full-width&#8220; anchor=&#8220;&#8220; content_aligment=&#8220;left&#8220; css_animation=&#8220;&#8220; css=&#8220;.vc_custom_1548410752146{margin-bottom: 30px !important;}&#8220;][vc_column width=&#8220;1\/2&#8243;][vc_single_image image=&#8220;10614&#8243; img_size=&#8220;large&#8220; alignment=&#8220;center&#8220;][\/vc_column][vc_column width=&#8220;1\/2&#8243;][vc_column_text]Nuru mas\u00e1\u017e, neboli mas\u00e1\u017e t\u011blo na t\u011blo je opravdu nejlep\u0161\u00ed volbou pokud nev\u00edte, co si vybrat z na\u0161i ostr\u00e9 nab\u00eddky. To nejlep\u0161\u00ed toti\u017e pr\u00e1v\u011b p\u0159ich\u00e1z\u00ed! Co odli\u0161uje Nuru mas\u00e1\u017ee od jin\u00fdch mas\u00e1\u017e\u00ed?<\/p>\n<p>D\u00e1ma (nebo pokud d\u00e1v\u00e1te p\u0159ednost, p\u00e1n) v\u00e1s mas\u00edruje cel\u00fdm sv\u00fdm t\u011blem. Pro\u010d? Proto\u017ee jsme p\u0159esv\u011bd\u010deni, \u017ee pouze ruce nesta\u010d\u00ed!<\/p>\n<p>Dle va\u0161ich preferenc\u00ed m\u016f\u017eete zvolit kluzk\u00fd nuru gel nebo v\u00fd\u017eivn\u00fd olej pro smyslnou mas\u00e1\u017e. Varov\u00e1n\u00ed! Bude to pro V\u00e1s nevyhnuteln\u011b \u00fa\u017easn\u00fd z\u00e1\u017eitek poka\u017ed\u00e9, kdy\u017e zav\u0159ete o\u010di.[\/vc_column_text][vc_column_text css=&#8220;.vc_custom_1744748780942{margin-top: 30px !important;}&#8220;]<\/p>\n<pre style=\"text-align: center;\">Cen\u00edk\r\n30 min \u2014 1500 K\u010d (70\u20ac)\r\n60 min \u2014 2000 K\u010d (90\u20ac)\r\n90 min \u2014 2900 K\u010d (130\u20ac)\r\n<\/pre>\n<div id=\"gtx-trans\" style=\"position: absolute; left: 110px; top: 14px;\">\n<div class=\"gtx-trans-icon\"><\/div>\n<\/div>\n<p>[\/vc_column_text][\/vc_column][\/vc_row][vc_row row_type=&#8220;row&#8220; content_width=&#8220;full-width&#8220; anchor=&#8220;&#8220; content_aligment=&#8220;left&#8220; css_animation=&#8220;&#8220; css=&#8220;.vc_custom_1548410854722{background-color: #171d22 !important;}&#8220;][vc_column el_class=&#8220;gunavor&#8220;]<div class=\"eltd-separator-holder clearfix  eltd-separator-center eltd-separator-full-width\">\r\n\t<div class=\"eltd-separator\" style=\"border-color: #dd9933;border-style: solid\"><\/div>\r\n<\/div>\r\n[vc_column_text]<\/p>\n<h2 class=\"eltd-section-title\" style=\"text-align: center;\">MAS\u00c9RKY<\/h2>\n<p>[\/vc_column_text]<div class=\"eltd-separator-holder clearfix  eltd-separator-center eltd-separator-full-width\">\r\n\t<div class=\"eltd-separator\" style=\"border-color: #dd9933;border-style: solid\"><\/div>\r\n<\/div>\r\n[vc_column_text]<\/p>\n<p style=\"text-align: center;\">Carousel contents not found!<style>#carousel-5511 .slick-prev:before, #carousel-5511 .slick-next:before { color: #000000 !important;}#carousel-5511 .slick-slide { margin: 2px ; } #carousel-5511 .rpc-title { color: ; } #carousel-5511 .rpc-content { color: ; } #carousel-5511 .rpc-date { background-color: ; } #carousel-5511 .rpc-date { color: ; } #carousel-5511 .rpc-overlay { background-color: ; } #carousel-5511 .carousel-style9 { border-top-color: ; } #carousel-5511 .carousel-style9 .button:before { background-color: ; } #carousel-5511 .rpc-box { box-shadow: ; } #carousel-5511 .rpc-bg { background-color: ; } #carousel-5511 .rpc-title-bg { background-color: ; } #carousel-5511 .fixed-height-image { height: ; } #carousel-5511 .slick-next:before { content: '\\ \\f0da '; } #carousel-5511 .slick-prev:before { content: '\\ \\f0d9'; }#carousel-5511 .slick-next:before, #carousel-5511 .slick-prev:before { background-color: #ffffff; padding: 5px; } #carousel-5511 .rpc-title { font-family: ; } #carousel-5511 .rpc-title { font-size: ; } #carousel-5511 .rpc-content { font-family: ; } #carousel-5511 .rpc-content { font-size: ; } <\/style><\/p>\n<p>[\/vc_column_text][\/vc_column][\/vc_row][vc_row row_type=&#8220;row&#8220; content_width=&#8220;full-width&#8220; anchor=&#8220;&#8220; content_aligment=&#8220;left&#8220; css_animation=&#8220;&#8220; css=&#8220;.vc_custom_1548854341288{margin-top: 15px !important;margin-bottom: 20px !important;}&#8220;][vc_column el_class=&#8220;gunavor&#8220;][vc_column_text]<\/p>\n<p style=\"text-align: center; text-transform: uppercase;\"><strong>Nuru mas\u00e1\u017e 2 sle\u010dny (4 ruce)<\/strong><img loading=\"lazy\" class=\"size-full wp-image-4657 aligncenter\" src=\"https:\/\/www.czech-massage.cz\/wp-content\/uploads\/2015\/10\/ornament.png\" alt=\"\" width=\"178\" height=\"21\" \/><\/p>\n<p>[\/vc_column_text][\/vc_column][\/vc_row][vc_row row_type=&#8220;row&#8220; content_width=&#8220;full-width&#8220; anchor=&#8220;&#8220; content_aligment=&#8220;left&#8220; css_animation=&#8220;&#8220; css=&#8220;.vc_custom_1548854389278{margin-bottom: 20px !important;}&#8220;][vc_column width=&#8220;1\/2&#8243; el_class=&#8220;gunavor&#8220;][vc_single_image image=&#8220;5386&#8243; img_size=&#8220;large&#8220;][\/vc_column][vc_column width=&#8220;1\/2&#8243;][vc_column_text]Co by mohlo b\u00fdt lep\u0161\u00ed ne\u017e kr\u00e1lovsk\u00e1 Nuru mas\u00e1\u017e? Pouze Nuru mas\u00e1\u017e s dv\u011bma d\u00edvkami, kdy pozornost obou d\u00e1m bude v\u011bnov\u00e1na pouze V\u00e1m a jenom na V\u00e1s.<\/p>\n<p>Pocit \u010dty\u0159 rukou na va\u0161em t\u011ble bude V\u00e1m proch\u00e1zet hlavou a zrychl\u00ed V\u00e1m dech. M\u011bkk\u00e1, ale intenzivn\u00ed t\u011bla dvou d\u00e1m z\u00e1rove\u0148 budou zdvojn\u00e1soben\u00edm va\u0161eho pot\u011b\u0161en\u00ed.<\/p>\n<p>Je to p\u0159esn\u00e1 volba, pokud pro v\u00e1s plat\u00ed pravidlo &#8222;\u010d\u00edm v\u00edc, t\u00edm l\u00edp!&#8220;[\/vc_column_text][vc_column_text css=&#8220;.vc_custom_1551257344393{margin-top: 20px !important;}&#8220;]<\/p>\n<pre style=\"text-align: center;\">Cen\u00edk\r\nNuru mas\u00e1\u017e 2 sle\u010dny 60min \u2013 4000 K\u010d (160\u20ac)\r\nHappy hours od 12:00-15:00 a 21:00-23:00\r\n60min \u2013 3500 K\u010d (140\u20ac)\r\n<\/pre>\n<p>[\/vc_column_text][\/vc_column][\/vc_row][vc_row row_type=&#8220;row&#8220; content_width=&#8220;full-width&#8220; anchor=&#8220;&#8220; content_aligment=&#8220;left&#8220; css_animation=&#8220;&#8220; css=&#8220;.vc_custom_1548410854722{background-color: #171d22 !important;}&#8220;][vc_column el_class=&#8220;gunavor&#8220;]<div class=\"eltd-separator-holder clearfix  eltd-separator-center eltd-separator-full-width\">\r\n\t<div class=\"eltd-separator\" style=\"border-color: #dd9933;border-style: solid\"><\/div>\r\n<\/div>\r\n[vc_column_text]<\/p>\n<h2 class=\"eltd-section-title\" style=\"text-align: center;\">VOLBA JE POUZE NA V\u00c1S<\/h2>\n<p>[\/vc_column_text][vc_row_inner row_type=&#8220;row&#8220; content_width=&#8220;full-width&#8220; content_aligment=&#8220;left&#8220; css_animation=&#8220;&#8220; el_class=&#8220;manushak&#8220;][vc_column_inner width=&#8220;1\/3&#8243;][vc_column_text]<\/p>\n<ul>\n<li style=\"text-align: center;\"><a href=\"\/\/czech-massage.cz\/cs\/erotic-massage\/\">Erotick\u00e1 mas\u00e1\u017e<\/a><\/li>\n<li style=\"text-align: center;\"><a href=\"\/\/czech-massage.cz\/cs\/tantra-massage\/\">Tantrick\u00e1 mas\u00e1\u017e<\/a><\/li>\n<li style=\"text-align: center;\"><a href=\"\/\/czech-massage.cz\/cs\/relaxating-massage\/\">Relaxa\u010dn\u00ed mas\u00e1\u017e<\/a><\/li>\n<li style=\"text-align: center;\"><a href=\"\/\/czech-massage.cz\/cs\/hawaiian-massage\/\">Havajsk\u00e1 mas\u00e1\u017ees 2 sle\u010dny<\/a><\/li>\n<\/ul>\n<p>[\/vc_column_text][\/vc_column_inner][vc_column_inner width=&#8220;1\/3&#8243;][vc_column_text]<\/p>\n<ul>\n<li style=\"text-align: center;\"><a href=\"\/\/czech-massage.cz\/cs\/royal-vip-massage\/\">Kr\u00e1lovsk\u00e1 VIP mas\u00e1\u017e<\/a><\/li>\n<li style=\"text-align: center;\"><a href=\"\/\/czech-massage.cz\/cs\/swingers-massage\/\">Swingers mas\u00e1\u017e<\/a><\/li>\n<li style=\"text-align: center;\"><a href=\"\/\/czech-massage.cz\/cs\/nuru-massage\/\">Nuru mas\u00e1\u017e<\/a><\/li>\n<li style=\"text-align: center;\"><a href=\"\/\/czech-massage.cz\/cs\/nuru-massage\/\">Nuru mas\u00e1\u017e 2 sle\u010dny<\/a><\/li>\n<\/ul>\n<p>[\/vc_column_text][\/vc_column_inner][vc_column_inner width=&#8220;1\/3&#8243;][vc_column_text]<\/p>\n<ul>\n<li style=\"text-align: center;\"><a href=\"\/\/czech-massage.cz\/cs\/secret-massage\/\">Tajemn\u00e1 mas\u00e1\u017e<\/a><\/li>\n<li style=\"text-align: center;\"><a href=\"\/\/czech-massage.cz\/cs\/lingam-massage\/\">Lingam mas\u00e1\u017e<\/a><\/li>\n<li style=\"text-align: center;\"><a href=\"\/\/czech-massage.cz\/cs\/happy-moments\/\">Happy moment<\/a><\/li>\n<li style=\"text-align: center;\"><a href=\"\/\/czech-massage.cz\/cs\/hotel-service\/\">Hotelov\u00fd servis<\/a><\/li>\n<\/ul>\n<p>[\/vc_column_text][\/vc_column_inner][\/vc_row_inner]<div class=\"eltd-separator-holder clearfix  eltd-separator-center eltd-separator-full-width\">\r\n\t<div class=\"eltd-separator\" style=\"border-color: #dd9933;border-style: solid\"><\/div>\r\n<\/div>\r\n[\/vc_column][\/vc_row][vc_row row_type=&#8220;row&#8220; content_width=&#8220;full-width&#8220; anchor=&#8220;&#8220; content_aligment=&#8220;left&#8220; css_animation=&#8220;&#8220;][vc_column][vc_column_text]<\/p>\n<p style=\"text-align: center;\">KDY JSME TU PRO V\u00c1S ?<br \/>\nMas\u00e1\u017e si m\u016f\u017eete objednat prost\u0159ednictv\u00edm na\u0161eho rezerva\u010dn\u00edho syst\u00e9mu na t\u00e9to webov\u00e9 str\u00e1nce<br \/>\nnebo u na\u0161i telefonni oper\u00e1torky.<\/p>\n<p style=\"text-align: center;\">PO-P\u00c1 od 10:00 do 24:00<br \/>\nSO-NE od 11:00 do 01:00<\/p>\n<p style=\"text-align: center;\"><a href=\"tel:+420 608 900 248\">Tel: +420 608 900 248\u00a0<\/a> <a href=\"viber:\/\/contact?number=%2B420608900248\"><img loading=\"lazy\" class=\"\" src=\"https:\/\/www.czech-massage.cz\/wp-content\/uploads\/2019\/02\/viber.png\" alt=\"Viber\" width=\"30\" height=\"auto\" \/><\/a> <a title=\"WhatsApp\" href=\"whatsapp:\/\/send?phone=+420608900248\"><img loading=\"lazy\" src=\"https:\/\/www.czech-massage.cz\/wp-content\/uploads\/2019\/02\/Whatsapp.png\" alt=\"Whatsapp\" width=\"30\" height=\"auto\" \/><\/a><\/p>\n<p style=\"text-align: center;\"><a href=\"mailto:glamour363@gmail.com\"> E-mail: glamour363@gmail.com <\/a><\/p>\n<p><!--\n\n\n<p style=\"text-align: center;\">[eltd_button size=\"\" type=\"solid\" text=\"Booking\" custom_class=\"\" icon_pack=\"font_awesome\" fa_icon=\"\" link=\"\/\/czech-massage.cz\/cs\/booking\/\" target=\"_self\" color=\"\" hover_color=\"\" background_color=\"red\" hover_background_color=\"\" border_color=\"\" hover_border_color=\"\" font_size=\"\" font_weight=\"400\" margin=\"\"]<\/p>\n\n\n--><\/p>\n<p style=\"text-align: center;\"><a class=\"eltd-btn eltd-btn-medium eltd-btn-solid\" style=\"background-color: red; font-weight: 400; padding: 13px 43px;\" href=\"whatsapp:\/\/send?phone=+420608900248\"><span class=\"eltd-btn-text\">Booking<\/span><i class=\"eltd-icon-font-awesome fa\"><\/i><\/a><\/p>\n<p>[\/vc_column_text]<div class=\"eltd-separator-holder clearfix  eltd-separator-center eltd-separator-full-width\">\r\n\t<div class=\"eltd-separator\" style=\"border-color: #dd9933;border-style: solid\"><\/div>\r\n<\/div>\r\n[\/vc_column][\/vc_row]<\/p>\n<\/section>","protected":false},"excerpt":{"rendered":"<p>[vc_row row_type=&#8220;row&#8220; content_width=&#8220;full-width&#8220; anchor=&#8220;&#8220; content_aligment=&#8220;left&#8220; css_animation=&#8220;&#8220; css=&#8220;.vc_custom_1548410752146{margin-bottom: 30px !important;}&#8220;][vc_column width=&#8220;1\/2&#8243;][vc_single_image image=&#8220;10614&#8243; img_size=&#8220;large&#8220; alignment=&#8220;center&#8220;][\/vc_column][vc_column width=&#8220;1\/2&#8243;][vc_column_text]Nuru mas\u00e1\u017e, neboli mas\u00e1\u017e t\u011blo na t\u011blo je opravdu nejlep\u0161\u00ed volbou pokud nev\u00edte, co si vybrat z na\u0161i ostr\u00e9 nab\u00eddky. To nejlep\u0161\u00ed toti\u017e pr\u00e1v\u011b p\u0159ich\u00e1z\u00ed! Co odli\u0161uje Nuru mas\u00e1\u017ee od jin\u00fdch mas\u00e1\u017e\u00ed?&#8230;<\/p>\n","protected":false},"author":1,"featured_media":0,"parent":0,"menu_order":0,"comment_status":"closed","ping_status":"closed","template":"","meta":[],"yoast_head":"<!-- This site is optimized with the Yoast SEO plugin v20.1 - https:\/\/yoast.com\/wordpress\/plugins\/seo\/ -->\n<title>Nuru mas\u00e1\u017e |<\/title>\n<meta name=\"robots\" content=\"index, follow, max-snippet:-1, max-image-preview:large, max-video-preview:-1\" \/>\n<link rel=\"canonical\" href=\"https:\/\/www.czech-massage.cz\/cs\/nuru-massage\/\" \/>\n<meta property=\"og:locale\" content=\"cs_CZ\" \/>\n<meta property=\"og:type\" content=\"article\" \/>\n<meta property=\"og:title\" content=\"Nuru mas\u00e1\u017e |\" \/>\n<meta property=\"og:description\" content=\"[vc_row row_type=&#8220;row&#8220; content_width=&#8220;full-width&#8220; anchor=&#8220;&#8220; content_aligment=&#8220;left&#8220; css_animation=&#8220;&#8220; css=&#8220;.vc_custom_1548410752146{margin-bottom: 30px !important;}&#8220;][vc_column width=&#8220;1\/2&#8243;][vc_single_image image=&#8220;10614&#8243; img_size=&#8220;large&#8220; alignment=&#8220;center&#8220;][\/vc_column][vc_column width=&#8220;1\/2&#8243;][vc_column_text]Nuru mas\u00e1\u017e, neboli mas\u00e1\u017e t\u011blo na t\u011blo je opravdu nejlep\u0161\u00ed volbou pokud nev\u00edte, co si vybrat z na\u0161i ostr\u00e9 nab\u00eddky. To nejlep\u0161\u00ed toti\u017e pr\u00e1v\u011b p\u0159ich\u00e1z\u00ed! Co odli\u0161uje Nuru mas\u00e1\u017ee od jin\u00fdch mas\u00e1\u017e\u00ed?...\" \/>\n<meta property=\"og:url\" content=\"https:\/\/www.czech-massage.cz\/cs\/nuru-massage\/\" \/>\n<meta property=\"article:modified_time\" content=\"2025-04-15T20:26:50+00:00\" \/>\n<meta property=\"og:image\" content=\"https:\/\/www.czech-massage.cz\/wp-content\/uploads\/2015\/10\/ornament.png\" \/>\n<meta name=\"twitter:card\" content=\"summary_large_image\" \/>\n<meta name=\"twitter:label1\" content=\"Odhadovan\u00e1 doba \u010dten\u00ed\" \/>\n\t<meta name=\"twitter:data1\" content=\"3 minuty\" \/>\n<script type=\"application\/ld+json\" class=\"yoast-schema-graph\">{\"@context\":\"https:\/\/schema.org\",\"@graph\":[{\"@type\":\"WebPage\",\"@id\":\"https:\/\/www.czech-massage.cz\/cs\/nuru-massage\/\",\"url\":\"https:\/\/www.czech-massage.cz\/cs\/nuru-massage\/\",\"name\":\"Nuru mas\u00e1\u017e |\",\"isPartOf\":{\"@id\":\"https:\/\/www.czech-massage.cz\/#website\"},\"datePublished\":\"2019-02-07T09:09:14+00:00\",\"dateModified\":\"2025-04-15T20:26:50+00:00\",\"breadcrumb\":{\"@id\":\"https:\/\/www.czech-massage.cz\/cs\/nuru-massage\/#breadcrumb\"},\"inLanguage\":\"cs\",\"potentialAction\":[{\"@type\":\"ReadAction\",\"target\":[\"https:\/\/www.czech-massage.cz\/cs\/nuru-massage\/\"]}]},{\"@type\":\"BreadcrumbList\",\"@id\":\"https:\/\/www.czech-massage.cz\/cs\/nuru-massage\/#breadcrumb\",\"itemListElement\":[{\"@type\":\"ListItem\",\"position\":1,\"name\":\"Home\",\"item\":\"https:\/\/www.czech-massage.cz\/cs\/\"},{\"@type\":\"ListItem\",\"position\":2,\"name\":\"Nuru mas\u00e1\u017e\"}]},{\"@type\":\"WebSite\",\"@id\":\"https:\/\/www.czech-massage.cz\/#website\",\"url\":\"https:\/\/www.czech-massage.cz\/\",\"name\":\"\",\"description\":\"\",\"publisher\":{\"@id\":\"https:\/\/www.czech-massage.cz\/#organization\"},\"potentialAction\":[{\"@type\":\"SearchAction\",\"target\":{\"@type\":\"EntryPoint\",\"urlTemplate\":\"https:\/\/www.czech-massage.cz\/?s={search_term_string}\"},\"query-input\":\"required name=search_term_string\"}],\"inLanguage\":\"cs\"},{\"@type\":\"Organization\",\"@id\":\"https:\/\/www.czech-massage.cz\/#organization\",\"name\":\"Glamour Studio\",\"url\":\"https:\/\/www.czech-massage.cz\/\",\"logo\":{\"@type\":\"ImageObject\",\"inLanguage\":\"cs\",\"@id\":\"https:\/\/www.czech-massage.cz\/#\/schema\/logo\/image\/\",\"url\":\"https:\/\/www.czech-massage.cz\/wp-content\/uploads\/2019\/01\/glamur.png\",\"contentUrl\":\"https:\/\/www.czech-massage.cz\/wp-content\/uploads\/2019\/01\/glamur.png\",\"width\":540,\"height\":233,\"caption\":\"Glamour Studio\"},\"image\":{\"@id\":\"https:\/\/www.czech-massage.cz\/#\/schema\/logo\/image\/\"}}]}<\/script>\n<!-- \/ Yoast SEO plugin. -->","yoast_head_json":{"title":"Nuru mas\u00e1\u017e |","robots":{"index":"index","follow":"follow","max-snippet":"max-snippet:-1","max-image-preview":"max-image-preview:large","max-video-preview":"max-video-preview:-1"},"canonical":"https:\/\/www.czech-massage.cz\/cs\/nuru-massage\/","og_locale":"cs_CZ","og_type":"article","og_title":"Nuru mas\u00e1\u017e |","og_description":"[vc_row row_type=&#8220;row&#8220; content_width=&#8220;full-width&#8220; anchor=&#8220;&#8220; content_aligment=&#8220;left&#8220; css_animation=&#8220;&#8220; css=&#8220;.vc_custom_1548410752146{margin-bottom: 30px !important;}&#8220;][vc_column width=&#8220;1\/2&#8243;][vc_single_image image=&#8220;10614&#8243; img_size=&#8220;large&#8220; alignment=&#8220;center&#8220;][\/vc_column][vc_column width=&#8220;1\/2&#8243;][vc_column_text]Nuru mas\u00e1\u017e, neboli mas\u00e1\u017e t\u011blo na t\u011blo je opravdu nejlep\u0161\u00ed volbou pokud nev\u00edte, co si vybrat z na\u0161i ostr\u00e9 nab\u00eddky. To nejlep\u0161\u00ed toti\u017e pr\u00e1v\u011b p\u0159ich\u00e1z\u00ed! Co odli\u0161uje Nuru mas\u00e1\u017ee od jin\u00fdch mas\u00e1\u017e\u00ed?...","og_url":"https:\/\/www.czech-massage.cz\/cs\/nuru-massage\/","article_modified_time":"2025-04-15T20:26:50+00:00","og_image":[{"url":"https:\/\/www.czech-massage.cz\/wp-content\/uploads\/2015\/10\/ornament.png"}],"twitter_card":"summary_large_image","twitter_misc":{"Odhadovan\u00e1 doba \u010dten\u00ed":"3 minuty"},"schema":{"@context":"https:\/\/schema.org","@graph":[{"@type":"WebPage","@id":"https:\/\/www.czech-massage.cz\/cs\/nuru-massage\/","url":"https:\/\/www.czech-massage.cz\/cs\/nuru-massage\/","name":"Nuru mas\u00e1\u017e |","isPartOf":{"@id":"https:\/\/www.czech-massage.cz\/#website"},"datePublished":"2019-02-07T09:09:14+00:00","dateModified":"2025-04-15T20:26:50+00:00","breadcrumb":{"@id":"https:\/\/www.czech-massage.cz\/cs\/nuru-massage\/#breadcrumb"},"inLanguage":"cs","potentialAction":[{"@type":"ReadAction","target":["https:\/\/www.czech-massage.cz\/cs\/nuru-massage\/"]}]},{"@type":"BreadcrumbList","@id":"https:\/\/www.czech-massage.cz\/cs\/nuru-massage\/#breadcrumb","itemListElement":[{"@type":"ListItem","position":1,"name":"Home","item":"https:\/\/www.czech-massage.cz\/cs\/"},{"@type":"ListItem","position":2,"name":"Nuru mas\u00e1\u017e"}]},{"@type":"WebSite","@id":"https:\/\/www.czech-massage.cz\/#website","url":"https:\/\/www.czech-massage.cz\/","name":"","description":"","publisher":{"@id":"https:\/\/www.czech-massage.cz\/#organization"},"potentialAction":[{"@type":"SearchAction","target":{"@type":"EntryPoint","urlTemplate":"https:\/\/www.czech-massage.cz\/?s={search_term_string}"},"query-input":"required name=search_term_string"}],"inLanguage":"cs"},{"@type":"Organization","@id":"https:\/\/www.czech-massage.cz\/#organization","name":"Glamour Studio","url":"https:\/\/www.czech-massage.cz\/","logo":{"@type":"ImageObject","inLanguage":"cs","@id":"https:\/\/www.czech-massage.cz\/#\/schema\/logo\/image\/","url":"https:\/\/www.czech-massage.cz\/wp-content\/uploads\/2019\/01\/glamur.png","contentUrl":"https:\/\/www.czech-massage.cz\/wp-content\/uploads\/2019\/01\/glamur.png","width":540,"height":233,"caption":"Glamour Studio"},"image":{"@id":"https:\/\/www.czech-massage.cz\/#\/schema\/logo\/image\/"}}]}},"_links":{"self":[{"href":"https:\/\/www.czech-massage.cz\/cs\/wp-json\/wp\/v2\/pages\/8165"}],"collection":[{"href":"https:\/\/www.czech-massage.cz\/cs\/wp-json\/wp\/v2\/pages"}],"about":[{"href":"https:\/\/www.czech-massage.cz\/cs\/wp-json\/wp\/v2\/types\/page"}],"author":[{"embeddable":true,"href":"https:\/\/www.czech-massage.cz\/cs\/wp-json\/wp\/v2\/users\/1"}],"replies":[{"embeddable":true,"href":"https:\/\/www.czech-massage.cz\/cs\/wp-json\/wp\/v2\/comments?post=8165"}],"version-history":[{"count":5,"href":"https:\/\/www.czech-massage.cz\/cs\/wp-json\/wp\/v2\/pages\/8165\/revisions"}],"predecessor-version":[{"id":11513,"href":"https:\/\/www.czech-massage.cz\/cs\/wp-json\/wp\/v2\/pages\/8165\/revisions\/11513"}],"wp:attachment":[{"href":"https:\/\/www.czech-massage.cz\/cs\/wp-json\/wp\/v2\/media?parent=8165"}],"curies":[{"name":"wp","href":"https:\/\/api.w.org\/{rel}","templated":true}]}}