{"id":8156,"date":"2019-02-07T11:56:22","date_gmt":"2019-02-07T08:56:22","guid":{"rendered":"https:\/\/www.czech-massage.cz\/?page_id=8156"},"modified":"2026-04-06T13:03:55","modified_gmt":"2026-04-06T12:03:55","slug":"erotic-massage","status":"publish","type":"page","link":"https:\/\/www.czech-massage.cz\/cs\/erotic-massage\/","title":{"rendered":"Klasick\u00e1 erotick\u00e1 mas\u00e1\u017e"},"content":{"rendered":"<section class=\"wpb-content-wrapper\"><p>[vc_row row_type=&#8220;row&#8220; content_width=&#8220;full-width&#8220; anchor=&#8220;&#8220; content_aligment=&#8220;center&#8220; css_animation=&#8220;&#8220; css=&#8220;.vc_custom_1548857338082{margin-bottom: 30px !important;}&#8220;][vc_column width=&#8220;1\/2&#8243;][vc_single_image image=&#8220;10590&#8243; img_size=&#8220;large&#8220; alignment=&#8220;center&#8220;][\/vc_column][vc_column width=&#8220;1\/2&#8243;][vc_column_text]Nad\u010dasov\u00e1 <a href=\"https:\/\/larosa.cz\/cs\/\">klasick\u00e1 mas\u00e1\u017e<\/a> je dobrou volbou, pokud jste schopni ocenit jemn\u00fd dotek \u017eensk\u00fdch rukou kter\u00fdma se cel\u00e1 mas\u00e1\u017e prov\u00e1d\u00ed. Vyvrcholen\u00ed samoz\u0159ejm\u011b nen\u00ed v\u00fdjimkou.<\/p>\n<p>Uvoln\u011bte svou mysl a nechte se h\u00fd\u010dkat mas\u00e9rkou, kter\u00e1 se postar\u00e1 o Va\u0161e t\u011blo a ducha. Tak pro\u010d to nezkusit?<\/p>\n<p>Nechte se sv\u00e9st t\u00edmto poku\u0161en\u00edm a dop\u0159ejte si jako odm\u011bnu fantasticky smysln\u00e9 vyvrcholen\u00ed, kter\u00e9 je nezapomenuteln\u00fdm z\u00e1\u017eitkem.[\/vc_column_text][vc_column_text css=&#8220;.vc_custom_1744748285573{margin-top: 30px !important;}&#8220;]<\/p>\n<pre style=\"text-align: center;\">Cen\u00edk  \r\n30 min \u2014 1400K\u010d (65\u20ac)\r\n60 min \u2014 1800K\u010d (80\u20ac)\r\n90 min \u2014 2600K\u010d (120\u20ac)<\/pre>\n<div id=\"gtx-trans\" style=\"position: absolute; left: 94px; top: 62px;\">\n<div class=\"gtx-trans-icon\"><\/div>\n<\/div>\n<p>[\/vc_column_text][\/vc_column][\/vc_row][vc_row row_type=&#8220;row&#8220; content_width=&#8220;full-width&#8220; anchor=&#8220;&#8220; content_aligment=&#8220;left&#8220; css_animation=&#8220;&#8220; css=&#8220;.vc_custom_1548410854722{background-color: #171d22 !important;}&#8220;][vc_column el_class=&#8220;gunavor&#8220;]<div class=\"eltd-separator-holder clearfix  eltd-separator-center eltd-separator-full-width\">\r\n\t<div class=\"eltd-separator\" style=\"border-color: #dd9933;border-style: solid\"><\/div>\r\n<\/div>\r\n[vc_column_text]<\/p>\n<h2 class=\"eltd-section-title\" style=\"text-align: center;\">MAS\u00c9RKY<\/h2>\n<p>[\/vc_column_text]<div class=\"eltd-separator-holder clearfix  eltd-separator-center eltd-separator-full-width\">\r\n\t<div class=\"eltd-separator\" style=\"border-color: #dd9933;border-style: solid\"><\/div>\r\n<\/div>\r\n[vc_column_text]Carousel contents not found!<style>#carousel-5511 .slick-prev:before, #carousel-5511 .slick-next:before { color: #000000 !important;}#carousel-5511 .slick-slide { margin: 2px ; } #carousel-5511 .rpc-title { color: ; } #carousel-5511 .rpc-content { color: ; } #carousel-5511 .rpc-date { background-color: ; } #carousel-5511 .rpc-date { color: ; } #carousel-5511 .rpc-overlay { background-color: ; } #carousel-5511 .carousel-style9 { border-top-color: ; } #carousel-5511 .carousel-style9 .button:before { background-color: ; } #carousel-5511 .rpc-box { box-shadow: ; } #carousel-5511 .rpc-bg { background-color: ; } #carousel-5511 .rpc-title-bg { background-color: ; } #carousel-5511 .fixed-height-image { height: ; } #carousel-5511 .slick-next:before { content: '\\ \\f0da '; } #carousel-5511 .slick-prev:before { content: '\\ \\f0d9'; }#carousel-5511 .slick-next:before, #carousel-5511 .slick-prev:before { background-color: #ffffff; padding: 5px; } #carousel-5511 .rpc-title { font-family: ; } #carousel-5511 .rpc-title { font-size: ; } #carousel-5511 .rpc-content { font-family: ; } #carousel-5511 .rpc-content { font-size: ; } <\/style>[\/vc_column_text][\/vc_column][\/vc_row][vc_row row_type=&#8220;row&#8220; content_width=&#8220;full-width&#8220; anchor=&#8220;&#8220; content_aligment=&#8220;left&#8220; css_animation=&#8220;&#8220; css=&#8220;.vc_custom_1548410854722{background-color: #171d22 !important;}&#8220;][vc_column el_class=&#8220;gunavor&#8220;]<div class=\"eltd-separator-holder clearfix  eltd-separator-center eltd-separator-full-width\">\r\n\t<div class=\"eltd-separator\" style=\"border-color: #dd9933;border-style: solid\"><\/div>\r\n<\/div>\r\n[vc_column_text]<\/p>\n<h2 class=\"eltd-section-title\" style=\"text-align: center;\">VOLBA JE POUZE NA V\u00c1S<\/h2>\n<p>[\/vc_column_text][vc_row_inner row_type=&#8220;row&#8220; content_width=&#8220;full-width&#8220; content_aligment=&#8220;left&#8220; css_animation=&#8220;&#8220; el_class=&#8220;manushak&#8220;][vc_column_inner width=&#8220;1\/3&#8243;][vc_column_text]<\/p>\n<ul>\n<li style=\"text-align: center;\"><a href=\"\/\/czech-massage.cz\/cs\/erotic-massage\/\">Erotick\u00e1 mas\u00e1\u017e<\/a><\/li>\n<li style=\"text-align: center;\"><a href=\"\/\/czech-massage.cz\/cs\/tantra-massage\/\">Tantrick\u00e1 mas\u00e1\u017e<\/a><\/li>\n<li style=\"text-align: center;\"><a href=\"\/\/czech-massage.cz\/cs\/relaxating-massage\/\">Relaxa\u010dn\u00ed mas\u00e1\u017e<\/a><\/li>\n<li style=\"text-align: center;\"><a href=\"\/\/czech-massage.cz\/cs\/hawaiian-massage\/\">Havajsk\u00e1 mas\u00e1\u017ees 2 sle\u010dny<\/a><\/li>\n<\/ul>\n<p>[\/vc_column_text][\/vc_column_inner][vc_column_inner width=&#8220;1\/3&#8243;][vc_column_text]<\/p>\n<ul>\n<li style=\"text-align: center;\"><a href=\"\/\/czech-massage.cz\/cs\/royal-vip-massage\/\">Kr\u00e1lovsk\u00e1 VIP mas\u00e1\u017e<\/a><\/li>\n<li style=\"text-align: center;\"><a href=\"\/\/czech-massage.cz\/cs\/swingers-massage\/\">Swingers mas\u00e1\u017e<\/a><\/li>\n<li style=\"text-align: center;\"><a href=\"\/\/czech-massage.cz\/cs\/nuru-massage\/\">Nuru mas\u00e1\u017e<\/a><\/li>\n<li style=\"text-align: center;\"><a href=\"\/\/czech-massage.cz\/cs\/nuru-massage\/\">Nuru mas\u00e1\u017e 2 sle\u010dny<\/a><\/li>\n<\/ul>\n<p>[\/vc_column_text][\/vc_column_inner][vc_column_inner width=&#8220;1\/3&#8243;][vc_column_text]<\/p>\n<ul>\n<li style=\"text-align: center;\"><a href=\"\/\/czech-massage.cz\/cs\/secret-massage\/\">Tajemn\u00e1 mas\u00e1\u017e<\/a><\/li>\n<li style=\"text-align: center;\"><a href=\"\/\/czech-massage.cz\/cs\/lingam-massage\/\">Lingam mas\u00e1\u017e<\/a><\/li>\n<li style=\"text-align: center;\"><a href=\"\/\/czech-massage.cz\/cs\/happy-moments\/\">Happy moment<\/a><\/li>\n<li style=\"text-align: center;\"><a href=\"\/\/czech-massage.cz\/cs\/hotel-service\/\">Hotelov\u00fd servis<\/a><\/li>\n<\/ul>\n<p>[\/vc_column_text][\/vc_column_inner][\/vc_row_inner]<div class=\"eltd-separator-holder clearfix  eltd-separator-center eltd-separator-full-width\">\r\n\t<div class=\"eltd-separator\" style=\"border-color: #dd9933;border-style: solid\"><\/div>\r\n<\/div>\r\n[\/vc_column][\/vc_row][vc_row row_type=&#8220;row&#8220; content_width=&#8220;full-width&#8220; anchor=&#8220;&#8220; content_aligment=&#8220;left&#8220; css_animation=&#8220;&#8220;][vc_column][vc_column_text]<\/p>\n<p style=\"text-align: center;\">KDY JSME TU PRO V\u00c1S ?<br \/>\nMas\u00e1\u017e si m\u016f\u017eete objednat prost\u0159ednictv\u00edm na\u0161eho rezerva\u010dn\u00edho syst\u00e9mu na t\u00e9to webov\u00e9 str\u00e1nce<br \/>\nnebo u na\u0161i telefonni oper\u00e1torky.<\/p>\n<p style=\"text-align: center;\">PO-P\u00c1 od 10:00 do 24:00<br \/>\nSO-NE od 11:00 do 01:00<\/p>\n<p style=\"text-align: center;\"><a href=\"tel:+420 608 900 248\">Tel: +420 608 900 248\u00a0<\/a> <a href=\"viber:\/\/contact?number=%2B420608900248\"><img loading=\"lazy\" class=\"\" src=\"https:\/\/www.czech-massage.cz\/wp-content\/uploads\/2019\/02\/viber.png\" alt=\"Viber\" width=\"30\" height=\"auto\" \/><\/a> <a title=\"WhatsApp\" href=\"whatsapp:\/\/send?phone=+420608900248\"><img loading=\"lazy\" src=\"https:\/\/www.czech-massage.cz\/wp-content\/uploads\/2019\/02\/Whatsapp.png\" alt=\"Whatsapp\" width=\"30\" height=\"auto\" \/><\/a><\/p>\n<p style=\"text-align: center;\"><a href=\"mailto:glamour363@gmail.com\"> E-mail: glamour363@gmail.com <\/a><\/p>\n<p><!--\n\n\n<p style=\"text-align: center;\">[eltd_button size=\"\" type=\"solid\" text=\"Booking\" custom_class=\"\" icon_pack=\"font_awesome\" fa_icon=\"\" link=\"\/\/czech-massage.cz\/cs\/booking\/\" target=\"_self\" color=\"\" hover_color=\"\" background_color=\"red\" hover_background_color=\"\" border_color=\"\" hover_border_color=\"\" font_size=\"\" font_weight=\"400\" margin=\"\"]<\/p>\n\n\n--><\/p>\n<p style=\"text-align: center;\"><a class=\"eltd-btn eltd-btn-medium eltd-btn-solid\" style=\"background-color: red; font-weight: 400; padding: 13px 43px;\" href=\"whatsapp:\/\/send?phone=+420608900248\"><span class=\"eltd-btn-text\">Booking<\/span><i class=\"eltd-icon-font-awesome fa\"><\/i><\/a><\/p>\n<p>[\/vc_column_text]<div class=\"eltd-separator-holder clearfix  eltd-separator-center eltd-separator-full-width\">\r\n\t<div class=\"eltd-separator\" style=\"border-color: #dd9933;border-style: solid\"><\/div>\r\n<\/div>\r\n[\/vc_column][\/vc_row]<\/p>\n<\/section>","protected":false},"excerpt":{"rendered":"<p>[vc_row row_type=&#8220;row&#8220; content_width=&#8220;full-width&#8220; anchor=&#8220;&#8220; content_aligment=&#8220;center&#8220; css_animation=&#8220;&#8220; css=&#8220;.vc_custom_1548857338082{margin-bottom: 30px !important;}&#8220;][vc_column width=&#8220;1\/2&#8243;][vc_single_image image=&#8220;10590&#8243; img_size=&#8220;large&#8220; alignment=&#8220;center&#8220;][\/vc_column][vc_column width=&#8220;1\/2&#8243;][vc_column_text]Nad\u010dasov\u00e1 klasick\u00e1 mas\u00e1\u017e je dobrou volbou, pokud jste schopni ocenit jemn\u00fd dotek \u017eensk\u00fdch rukou kter\u00fdma se cel\u00e1 mas\u00e1\u017e prov\u00e1d\u00ed. Vyvrcholen\u00ed samoz\u0159ejm\u011b nen\u00ed v\u00fdjimkou. Uvoln\u011bte svou mysl a nechte se h\u00fd\u010dkat mas\u00e9rkou, kter\u00e1&#8230;<\/p>\n","protected":false},"author":1,"featured_media":0,"parent":0,"menu_order":0,"comment_status":"closed","ping_status":"closed","template":"","meta":[],"yoast_head":"<!-- This site is optimized with the Yoast SEO plugin v20.1 - https:\/\/yoast.com\/wordpress\/plugins\/seo\/ -->\n<title>Klasick\u00e1 erotick\u00e1 mas\u00e1\u017e |<\/title>\n<meta name=\"robots\" content=\"index, follow, max-snippet:-1, max-image-preview:large, max-video-preview:-1\" \/>\n<link rel=\"canonical\" href=\"https:\/\/www.czech-massage.cz\/cs\/erotic-massage\/\" \/>\n<meta property=\"og:locale\" content=\"cs_CZ\" \/>\n<meta property=\"og:type\" content=\"article\" \/>\n<meta property=\"og:title\" content=\"Klasick\u00e1 erotick\u00e1 mas\u00e1\u017e |\" \/>\n<meta property=\"og:description\" content=\"[vc_row row_type=&#8220;row&#8220; content_width=&#8220;full-width&#8220; anchor=&#8220;&#8220; content_aligment=&#8220;center&#8220; css_animation=&#8220;&#8220; css=&#8220;.vc_custom_1548857338082{margin-bottom: 30px !important;}&#8220;][vc_column width=&#8220;1\/2&#8243;][vc_single_image image=&#8220;10590&#8243; img_size=&#8220;large&#8220; alignment=&#8220;center&#8220;][\/vc_column][vc_column width=&#8220;1\/2&#8243;][vc_column_text]Nad\u010dasov\u00e1 klasick\u00e1 mas\u00e1\u017e je dobrou volbou, pokud jste schopni ocenit jemn\u00fd dotek \u017eensk\u00fdch rukou kter\u00fdma se cel\u00e1 mas\u00e1\u017e prov\u00e1d\u00ed. Vyvrcholen\u00ed samoz\u0159ejm\u011b nen\u00ed v\u00fdjimkou. Uvoln\u011bte svou mysl a nechte se h\u00fd\u010dkat mas\u00e9rkou, kter\u00e1...\" \/>\n<meta property=\"og:url\" content=\"https:\/\/www.czech-massage.cz\/cs\/erotic-massage\/\" \/>\n<meta property=\"article:modified_time\" content=\"2026-04-06T12:03:55+00:00\" \/>\n<meta property=\"og:image\" content=\"https:\/\/www.czech-massage.cz\/wp-content\/uploads\/2019\/02\/viber.png\" \/>\n<meta name=\"twitter:card\" content=\"summary_large_image\" \/>\n<meta name=\"twitter:label1\" content=\"Odhadovan\u00e1 doba \u010dten\u00ed\" \/>\n\t<meta name=\"twitter:data1\" content=\"2 minuty\" \/>\n<script type=\"application\/ld+json\" class=\"yoast-schema-graph\">{\"@context\":\"https:\/\/schema.org\",\"@graph\":[{\"@type\":\"WebPage\",\"@id\":\"https:\/\/www.czech-massage.cz\/cs\/erotic-massage\/\",\"url\":\"https:\/\/www.czech-massage.cz\/cs\/erotic-massage\/\",\"name\":\"Klasick\u00e1 erotick\u00e1 mas\u00e1\u017e |\",\"isPartOf\":{\"@id\":\"https:\/\/www.czech-massage.cz\/#website\"},\"datePublished\":\"2019-02-07T08:56:22+00:00\",\"dateModified\":\"2026-04-06T12:03:55+00:00\",\"breadcrumb\":{\"@id\":\"https:\/\/www.czech-massage.cz\/cs\/erotic-massage\/#breadcrumb\"},\"inLanguage\":\"cs\",\"potentialAction\":[{\"@type\":\"ReadAction\",\"target\":[\"https:\/\/www.czech-massage.cz\/cs\/erotic-massage\/\"]}]},{\"@type\":\"BreadcrumbList\",\"@id\":\"https:\/\/www.czech-massage.cz\/cs\/erotic-massage\/#breadcrumb\",\"itemListElement\":[{\"@type\":\"ListItem\",\"position\":1,\"name\":\"Home\",\"item\":\"https:\/\/www.czech-massage.cz\/cs\/\"},{\"@type\":\"ListItem\",\"position\":2,\"name\":\"Klasick\u00e1 erotick\u00e1 mas\u00e1\u017e\"}]},{\"@type\":\"WebSite\",\"@id\":\"https:\/\/www.czech-massage.cz\/#website\",\"url\":\"https:\/\/www.czech-massage.cz\/\",\"name\":\"\",\"description\":\"\",\"publisher\":{\"@id\":\"https:\/\/www.czech-massage.cz\/#organization\"},\"potentialAction\":[{\"@type\":\"SearchAction\",\"target\":{\"@type\":\"EntryPoint\",\"urlTemplate\":\"https:\/\/www.czech-massage.cz\/?s={search_term_string}\"},\"query-input\":\"required name=search_term_string\"}],\"inLanguage\":\"cs\"},{\"@type\":\"Organization\",\"@id\":\"https:\/\/www.czech-massage.cz\/#organization\",\"name\":\"Glamour Studio\",\"url\":\"https:\/\/www.czech-massage.cz\/\",\"logo\":{\"@type\":\"ImageObject\",\"inLanguage\":\"cs\",\"@id\":\"https:\/\/www.czech-massage.cz\/#\/schema\/logo\/image\/\",\"url\":\"https:\/\/www.czech-massage.cz\/wp-content\/uploads\/2019\/01\/glamur.png\",\"contentUrl\":\"https:\/\/www.czech-massage.cz\/wp-content\/uploads\/2019\/01\/glamur.png\",\"width\":540,\"height\":233,\"caption\":\"Glamour Studio\"},\"image\":{\"@id\":\"https:\/\/www.czech-massage.cz\/#\/schema\/logo\/image\/\"}}]}<\/script>\n<!-- \/ Yoast SEO plugin. -->","yoast_head_json":{"title":"Klasick\u00e1 erotick\u00e1 mas\u00e1\u017e |","robots":{"index":"index","follow":"follow","max-snippet":"max-snippet:-1","max-image-preview":"max-image-preview:large","max-video-preview":"max-video-preview:-1"},"canonical":"https:\/\/www.czech-massage.cz\/cs\/erotic-massage\/","og_locale":"cs_CZ","og_type":"article","og_title":"Klasick\u00e1 erotick\u00e1 mas\u00e1\u017e |","og_description":"[vc_row row_type=&#8220;row&#8220; content_width=&#8220;full-width&#8220; anchor=&#8220;&#8220; content_aligment=&#8220;center&#8220; css_animation=&#8220;&#8220; css=&#8220;.vc_custom_1548857338082{margin-bottom: 30px !important;}&#8220;][vc_column width=&#8220;1\/2&#8243;][vc_single_image image=&#8220;10590&#8243; img_size=&#8220;large&#8220; alignment=&#8220;center&#8220;][\/vc_column][vc_column width=&#8220;1\/2&#8243;][vc_column_text]Nad\u010dasov\u00e1 klasick\u00e1 mas\u00e1\u017e je dobrou volbou, pokud jste schopni ocenit jemn\u00fd dotek \u017eensk\u00fdch rukou kter\u00fdma se cel\u00e1 mas\u00e1\u017e prov\u00e1d\u00ed. Vyvrcholen\u00ed samoz\u0159ejm\u011b nen\u00ed v\u00fdjimkou. Uvoln\u011bte svou mysl a nechte se h\u00fd\u010dkat mas\u00e9rkou, kter\u00e1...","og_url":"https:\/\/www.czech-massage.cz\/cs\/erotic-massage\/","article_modified_time":"2026-04-06T12:03:55+00:00","og_image":[{"url":"https:\/\/www.czech-massage.cz\/wp-content\/uploads\/2019\/02\/viber.png"}],"twitter_card":"summary_large_image","twitter_misc":{"Odhadovan\u00e1 doba \u010dten\u00ed":"2 minuty"},"schema":{"@context":"https:\/\/schema.org","@graph":[{"@type":"WebPage","@id":"https:\/\/www.czech-massage.cz\/cs\/erotic-massage\/","url":"https:\/\/www.czech-massage.cz\/cs\/erotic-massage\/","name":"Klasick\u00e1 erotick\u00e1 mas\u00e1\u017e |","isPartOf":{"@id":"https:\/\/www.czech-massage.cz\/#website"},"datePublished":"2019-02-07T08:56:22+00:00","dateModified":"2026-04-06T12:03:55+00:00","breadcrumb":{"@id":"https:\/\/www.czech-massage.cz\/cs\/erotic-massage\/#breadcrumb"},"inLanguage":"cs","potentialAction":[{"@type":"ReadAction","target":["https:\/\/www.czech-massage.cz\/cs\/erotic-massage\/"]}]},{"@type":"BreadcrumbList","@id":"https:\/\/www.czech-massage.cz\/cs\/erotic-massage\/#breadcrumb","itemListElement":[{"@type":"ListItem","position":1,"name":"Home","item":"https:\/\/www.czech-massage.cz\/cs\/"},{"@type":"ListItem","position":2,"name":"Klasick\u00e1 erotick\u00e1 mas\u00e1\u017e"}]},{"@type":"WebSite","@id":"https:\/\/www.czech-massage.cz\/#website","url":"https:\/\/www.czech-massage.cz\/","name":"","description":"","publisher":{"@id":"https:\/\/www.czech-massage.cz\/#organization"},"potentialAction":[{"@type":"SearchAction","target":{"@type":"EntryPoint","urlTemplate":"https:\/\/www.czech-massage.cz\/?s={search_term_string}"},"query-input":"required name=search_term_string"}],"inLanguage":"cs"},{"@type":"Organization","@id":"https:\/\/www.czech-massage.cz\/#organization","name":"Glamour Studio","url":"https:\/\/www.czech-massage.cz\/","logo":{"@type":"ImageObject","inLanguage":"cs","@id":"https:\/\/www.czech-massage.cz\/#\/schema\/logo\/image\/","url":"https:\/\/www.czech-massage.cz\/wp-content\/uploads\/2019\/01\/glamur.png","contentUrl":"https:\/\/www.czech-massage.cz\/wp-content\/uploads\/2019\/01\/glamur.png","width":540,"height":233,"caption":"Glamour Studio"},"image":{"@id":"https:\/\/www.czech-massage.cz\/#\/schema\/logo\/image\/"}}]}},"_links":{"self":[{"href":"https:\/\/www.czech-massage.cz\/cs\/wp-json\/wp\/v2\/pages\/8156"}],"collection":[{"href":"https:\/\/www.czech-massage.cz\/cs\/wp-json\/wp\/v2\/pages"}],"about":[{"href":"https:\/\/www.czech-massage.cz\/cs\/wp-json\/wp\/v2\/types\/page"}],"author":[{"embeddable":true,"href":"https:\/\/www.czech-massage.cz\/cs\/wp-json\/wp\/v2\/users\/1"}],"replies":[{"embeddable":true,"href":"https:\/\/www.czech-massage.cz\/cs\/wp-json\/wp\/v2\/comments?post=8156"}],"version-history":[{"count":5,"href":"https:\/\/www.czech-massage.cz\/cs\/wp-json\/wp\/v2\/pages\/8156\/revisions"}],"predecessor-version":[{"id":11555,"href":"https:\/\/www.czech-massage.cz\/cs\/wp-json\/wp\/v2\/pages\/8156\/revisions\/11555"}],"wp:attachment":[{"href":"https:\/\/www.czech-massage.cz\/cs\/wp-json\/wp\/v2\/media?parent=8156"}],"curies":[{"name":"wp","href":"https:\/\/api.w.org\/{rel}","templated":true}]}}