{"id":6968,"date":"2019-02-06T11:44:28","date_gmt":"2019-02-06T08:44:28","guid":{"rendered":"https:\/\/www.czech-massage.cz\/erotic-massage-for-woman\/"},"modified":"2024-07-06T07:41:42","modified_gmt":"2024-07-06T06:41:42","slug":"erotic-massage-for-woman","status":"publish","type":"page","link":"https:\/\/www.czech-massage.cz\/cs\/erotic-massage-for-woman\/","title":{"rendered":"Mas\u00e1\u017ee pro \u017eeny"},"content":{"rendered":"<section class=\"wpb-content-wrapper\"><p>[vc_row row_type=&#8220;row&#8220; content_width=&#8220;full-width&#8220; anchor=&#8220;&#8220; content_aligment=&#8220;left&#8220; css_animation=&#8220;&#8220; css=&#8220;.vc_custom_1548410752146{margin-bottom: 30px !important;}&#8220;][vc_column width=&#8220;1\/2&#8243;][vc_column_text]<img loading=\"lazy\" class=\"alignnone size-medium wp-image-9490\" src=\"https:\/\/www.czech-massage.cz\/wp-content\/uploads\/2019\/03\/eroticka-masaz-pro-zeny-300x225.jpg\" alt=\"Mas\u00e1\u017ee pro \u017eeny\" width=\"100%\" height=\"auto\" srcset=\"https:\/\/www.czech-massage.cz\/wp-content\/uploads\/2019\/03\/eroticka-masaz-pro-zeny-300x225.jpg 300w, https:\/\/www.czech-massage.cz\/wp-content\/uploads\/2019\/03\/eroticka-masaz-pro-zeny-768x576.jpg 768w, https:\/\/www.czech-massage.cz\/wp-content\/uploads\/2019\/03\/eroticka-masaz-pro-zeny.jpg 800w\" sizes=\"(max-width: 300px) 100vw, 300px\" \/>[\/vc_column_text][\/vc_column][vc_column width=&#8220;1\/2&#8243;][vc_column_text]Erotick\u00e1 mas\u00e1\u017e pro \u017eeny je exkluzivn\u00ed p\u0159\u00edle\u017eitost\u00ed pro objevov\u00e1n\u00ed nov\u00e9 \u00farovn\u00ed sv\u00e9 smyslnosti a prozkoum\u00e1n\u00ed va\u0161ich t\u011blesn\u00fdch pocit\u016f. Posune to v\u00e1\u0161 \u017eivot do p\u0159edu a otev\u0159e v\u00e1m nov\u00e9 zku\u0161enosti. Kdo \u0159\u00edkal, \u017ee \u017eena nem\u016f\u017ee m\u00edt tito pocity?<\/p>\n<p>Nez\u00e1le\u017e\u00ed na tom, koho si vyberete aby se postaral o va\u0161e t\u011blo a du\u0161i &#8211; zda kr\u00e1sn\u00fd mas\u00e9r nebo hezk\u00e1 mas\u00e9rka &#8211; v ka\u017ed\u00e9m p\u0159\u00edpad\u011b obdr\u017e\u00edte nejlep\u0161\u00ed l\u00e9\u010dbu. Za\u010dneme mas\u00e1\u017ei z\u00e1d a ramenou, pak bude mas\u00e9r v\u011bnovat zvl\u00e1\u0161tn\u00ed pozornost va\u0161im nejv\u00edce napjat\u00fdm \u010d\u00e1stem t\u011bla a pomalu v\u00e1s uvoln\u00ed, dokud va\u0161e t\u011blo nebude klidn\u00e9 a citliv\u011bj\u0161\u00ed k jemn\u00fdm dotyk\u016fm ne\u017e kdy p\u0159edt\u00edm. Pokra\u010dov\u00e1n\u00edm k va\u0161im prs\u016fm a b\u0159ichu.<\/p>\n<p>Mas\u00e9r v\u00e1s p\u0159ivede na novou \u00farove\u0148 vzru\u0161en\u00ed a teprve pot\u00e9, co ud\u011bl\u00edte svolen\u00ed dot\u00fdkat se intimn\u00ed \u010d\u00e1st\u00ed, za\u017eijete \u00fa\u017easn\u00fd pocit osvobozen\u00ed. V\u011b\u0159\u00edme, \u017ee ka\u017ed\u00e1 \u017eena si zaslou\u017e\u00ed tento pocit a my V\u00e1m ho s radost\u00ed poskytneme.[\/vc_column_text][\/vc_column][\/vc_row][vc_row row_type=&#8220;row&#8220; content_width=&#8220;full-width&#8220; anchor=&#8220;&#8220; content_aligment=&#8220;left&#8220; css_animation=&#8220;&#8220; css=&#8220;.vc_custom_1548410854722{background-color: #171d22 !important;}&#8220;][vc_column el_class=&#8220;gunavor&#8220;][vc_column_text]<\/p>\n<h2 class=\"eltd-section-title\" style=\"text-align: center;\">Druh\u00fd masazi<\/h2>\n<p><img loading=\"lazy\" class=\"size-full wp-image-4657 aligncenter\" src=\"https:\/\/www.czech-massage.cz\/wp-content\/uploads\/2015\/10\/ornament.png\" alt=\"\" width=\"178\" height=\"21\" \/>[\/vc_column_text][vc_row_inner row_type=&#8220;row&#8220; content_width=&#8220;full-width&#8220; content_aligment=&#8220;left&#8220; css_animation=&#8220;&#8220; el_class=&#8220;manushak&#8220;][vc_column_inner width=&#8220;1\/3&#8243;][vc_column_text]<\/p>\n<ul>\n<li style=\"text-align: center;\"><a href=\"\/\/czech-massage.cz\/cs\/erotic-massage\/\">Erotick\u00e1 mas\u00e1\u017e<\/a><\/li>\n<li style=\"text-align: center;\"><a href=\"\/\/czech-massage.cz\/cs\/tantra-massage\/\">Tantrick\u00e1 mas\u00e1\u017e<\/a><\/li>\n<li style=\"text-align: center;\"><a href=\"\/\/czech-massage.cz\/cs\/relaxating-massage\/\">Relaxa\u010dn\u00ed mas\u00e1\u017e<\/a><\/li>\n<li style=\"text-align: center;\"><a href=\"\/\/czech-massage.cz\/cs\/hawaiian-massage\/\">Havajsk\u00e1 mas\u00e1\u017ees 2 sle\u010dny<\/a><\/li>\n<\/ul>\n<p>[\/vc_column_text][\/vc_column_inner][vc_column_inner width=&#8220;1\/3&#8243;][vc_column_text]<\/p>\n<ul>\n<li style=\"text-align: center;\"><a href=\"\/\/czech-massage.cz\/cs\/royal-vip-massage\/\">Kr\u00e1lovsk\u00e1 VIP mas\u00e1\u017e<\/a><\/li>\n<li style=\"text-align: center;\"><a href=\"\/\/czech-massage.cz\/cs\/swingers-massage\/\">Swingers mas\u00e1\u017e<\/a><\/li>\n<li style=\"text-align: center;\"><a href=\"\/\/czech-massage.cz\/cs\/nuru-massage\/\">Nuru mas\u00e1\u017e<\/a><\/li>\n<li style=\"text-align: center;\"><a href=\"\/\/czech-massage.cz\/cs\/nuru-massage\/\">Nuru mas\u00e1\u017e 2 sle\u010dny<\/a><\/li>\n<\/ul>\n<p>[\/vc_column_text][\/vc_column_inner][vc_column_inner width=&#8220;1\/3&#8243;][vc_column_text]<\/p>\n<ul>\n<li style=\"text-align: center;\"><a href=\"\/\/czech-massage.cz\/cs\/secret-massage\/\">Tajemn\u00e1 mas\u00e1\u017e<\/a><\/li>\n<li style=\"text-align: center;\"><a href=\"\/\/czech-massage.cz\/cs\/lingam-massage\/\">Lingam mas\u00e1\u017e<\/a><\/li>\n<li style=\"text-align: center;\"><a href=\"\/\/czech-massage.cz\/cs\/happy-moments\/\">Happy moment<\/a><\/li>\n<li style=\"text-align: center;\"><a href=\"\/\/czech-massage.cz\/cs\/hotel-service\/\">Hotelov\u00fd servis<\/a><\/li>\n<\/ul>\n<p>[\/vc_column_text][\/vc_column_inner][\/vc_row_inner][vc_row_inner row_type=&#8220;row&#8220; content_width=&#8220;full-width&#8220; content_aligment=&#8220;left&#8220; css_animation=&#8220;&#8220; css=&#8220;.vc_custom_1548937116204{margin-top: 20px !important;background-color: #131619 !important;}&#8220;][vc_column_inner width=&#8220;1\/2&#8243; css=&#8220;.vc_custom_1548934526638{margin-left: -10px !important;}&#8220;]<div class=\"eltd-image-gallery\">\r\n\t<div class=\"eltd-image-gallery-slider\" data-autoplay=\"10\" data-animation=\"fade\" data-navigation=\"yes\" data-pagination=\"no\">\r\n\t\t\t\t\t\t<img src=\"https:\/\/www.czech-massage.cz\/wp-content\/uploads\/2019\/03\/image8.jpg\" alt=\"image8\" width=\"550\" height=\"367\">\r\n\t\t\t\t\t\t\t<img src=\"https:\/\/www.czech-massage.cz\/wp-content\/uploads\/2019\/03\/image7.jpg\" alt=\"image7\" width=\"550\" height=\"367\">\r\n\t\t\t\t\t\t\t<img src=\"https:\/\/www.czech-massage.cz\/wp-content\/uploads\/2019\/03\/image6.jpg\" alt=\"image6\" width=\"550\" height=\"367\">\r\n\t\t\t\t\t\t\t<img src=\"https:\/\/www.czech-massage.cz\/wp-content\/uploads\/2019\/03\/image5.jpg\" alt=\"image5\" width=\"550\" height=\"367\">\r\n\t\t\t\t\t\t\t<img src=\"https:\/\/www.czech-massage.cz\/wp-content\/uploads\/2019\/03\/image4.jpg\" alt=\"image4\" width=\"550\" height=\"367\">\r\n\t\t\t\t\t\t\t<img src=\"https:\/\/www.czech-massage.cz\/wp-content\/uploads\/2019\/03\/image3.jpg\" alt=\"image3\" width=\"550\" height=\"367\">\r\n\t\t\t\t\t\t\t<img src=\"https:\/\/www.czech-massage.cz\/wp-content\/uploads\/2019\/03\/image2.jpg\" alt=\"image2\" width=\"550\" height=\"367\">\r\n\t\t\t\t\t\t\t<img src=\"https:\/\/www.czech-massage.cz\/wp-content\/uploads\/2019\/03\/image1.jpg\" alt=\"image1\" width=\"550\" height=\"367\">\r\n\t\t\t\t<\/div>\r\n<\/div>[\/vc_column_inner][vc_column_inner width=&#8220;1\/2&#8243; css=&#8220;.vc_custom_1548937067857{margin-right: 10px !important;padding-top: 0px !important;background-position: center !important;background-repeat: no-repeat !important;background-size: cover !important;}&#8220;][vc_column_text css=&#8220;.vc_custom_1720248096638{margin-right: 15px !important;padding-top: 15px !important;padding-bottom: 15px !important;}&#8220;]<\/p>\n<p style=\"text-align: center;\">KDY JSME TU PRO V\u00c1S ?<br \/>\nMas\u00e1\u017e si m\u016f\u017eete objednat prost\u0159ednictv\u00edm na\u0161eho rezerva\u010dn\u00edho syst\u00e9mu na t\u00e9to webov\u00e9 str\u00e1nce<br \/>\nnebo u na\u0161i telefonni oper\u00e1torky.<\/p>\n<p style=\"text-align: center;\">PO-P\u00c1 od 10:00 do 24:00<br \/>\nSO-NE od 11:00 do 01:00<\/p>\n<p style=\"text-align: center;\"><a href=\"tel:+420 608 900 248\">Tel: +420 608 900 248\u00a0<\/a> <a href=\"viber:\/\/contact?number=%2B420608900248\"><img loading=\"lazy\" class=\"\" src=\"https:\/\/www.czech-massage.cz\/wp-content\/uploads\/2019\/02\/viber.png\" alt=\"Viber\" width=\"30\" height=\"auto\" \/><\/a> <a title=\"WhatsApp\" href=\"whatsapp:\/\/send?phone=+420608900248\"><img loading=\"lazy\" src=\"https:\/\/www.czech-massage.cz\/wp-content\/uploads\/2019\/02\/Whatsapp.png\" alt=\"Whatsapp\" width=\"30\" height=\"auto\" \/><\/a><\/p>\n<p style=\"text-align: center;\"><a href=\"mailto:glamour363@gmail.com\"> E-mail: glamour363@gmail.com <\/a><\/p>\n<p><!--\n\n\n<p style=\"text-align: center;\">[eltd_button size=\"\" type=\"solid\" text=\"Booking\" custom_class=\"\" icon_pack=\"font_awesome\" fa_icon=\"\" link=\"\/\/czech-massage.cz\/cs\/booking\/\" target=\"_self\" color=\"\" hover_color=\"\" background_color=\"red\" hover_background_color=\"\" border_color=\"\" hover_border_color=\"\" font_size=\"\" font_weight=\"400\" margin=\"\"]<\/p>\n\n\n--><\/p>\n<p style=\"text-align: center;\"><a class=\"eltd-btn eltd-btn-medium eltd-btn-solid\" style=\"background-color: red; font-weight: 400; padding: 13px 43px;\" href=\"whatsapp:\/\/send?phone=+420608900248\"><span class=\"eltd-btn-text\">Booking<\/span><i class=\"eltd-icon-font-awesome fa\"><\/i><\/a><\/p>\n<p>[\/vc_column_text][\/vc_column_inner][\/vc_row_inner][\/vc_column][\/vc_row]<\/p>\n<\/section>","protected":false},"excerpt":{"rendered":"<p>[vc_row row_type=&#8220;row&#8220; content_width=&#8220;full-width&#8220; anchor=&#8220;&#8220; content_aligment=&#8220;left&#8220; css_animation=&#8220;&#8220; css=&#8220;.vc_custom_1548410752146{margin-bottom: 30px !important;}&#8220;][vc_column width=&#8220;1\/2&#8243;][vc_column_text][\/vc_column_text][\/vc_column][vc_column width=&#8220;1\/2&#8243;][vc_column_text]Erotick\u00e1 mas\u00e1\u017e pro \u017eeny je exkluzivn\u00ed p\u0159\u00edle\u017eitost\u00ed pro objevov\u00e1n\u00ed nov\u00e9 \u00farovn\u00ed sv\u00e9 smyslnosti a prozkoum\u00e1n\u00ed va\u0161ich t\u011blesn\u00fdch pocit\u016f. Posune to v\u00e1\u0161 \u017eivot do p\u0159edu a otev\u0159e v\u00e1m nov\u00e9 zku\u0161enosti. Kdo \u0159\u00edkal, \u017ee \u017eena nem\u016f\u017ee m\u00edt&#8230;<\/p>\n","protected":false},"author":1,"featured_media":0,"parent":0,"menu_order":0,"comment_status":"closed","ping_status":"closed","template":"","meta":[],"yoast_head":"<!-- This site is optimized with the Yoast SEO plugin v20.1 - https:\/\/yoast.com\/wordpress\/plugins\/seo\/ -->\n<title>Erotic Massage for Women in Prague |<\/title>\n<meta name=\"description\" content=\"Glamor massage salon provides high-quality service, relaxing erotic massage for women in Prague.\" \/>\n<meta name=\"robots\" content=\"index, follow, max-snippet:-1, max-image-preview:large, max-video-preview:-1\" \/>\n<link rel=\"canonical\" href=\"https:\/\/www.czech-massage.cz\/cs\/erotic-massage-for-woman\/\" \/>\n<meta property=\"og:locale\" content=\"cs_CZ\" \/>\n<meta property=\"og:type\" content=\"article\" \/>\n<meta property=\"og:title\" content=\"Erotic Massage for Women in Prague |\" \/>\n<meta property=\"og:description\" content=\"Glamor massage salon provides high-quality service, relaxing erotic massage for women in Prague.\" \/>\n<meta property=\"og:url\" content=\"https:\/\/www.czech-massage.cz\/cs\/erotic-massage-for-woman\/\" \/>\n<meta property=\"article:modified_time\" content=\"2024-07-06T06:41:42+00:00\" \/>\n<meta property=\"og:image\" content=\"https:\/\/www.czech-massage.cz\/wp-content\/uploads\/2019\/03\/eroticka-masaz-pro-zeny-300x225.jpg\" \/>\n<meta name=\"twitter:card\" content=\"summary_large_image\" \/>\n<meta name=\"twitter:label1\" content=\"Odhadovan\u00e1 doba \u010dten\u00ed\" \/>\n\t<meta name=\"twitter:data1\" content=\"3 minuty\" \/>\n<script type=\"application\/ld+json\" class=\"yoast-schema-graph\">{\"@context\":\"https:\/\/schema.org\",\"@graph\":[{\"@type\":\"WebPage\",\"@id\":\"https:\/\/www.czech-massage.cz\/cs\/erotic-massage-for-woman\/\",\"url\":\"https:\/\/www.czech-massage.cz\/cs\/erotic-massage-for-woman\/\",\"name\":\"Erotic Massage for Women in Prague |\",\"isPartOf\":{\"@id\":\"https:\/\/www.czech-massage.cz\/#website\"},\"datePublished\":\"2019-02-06T08:44:28+00:00\",\"dateModified\":\"2024-07-06T06:41:42+00:00\",\"description\":\"Glamor massage salon provides high-quality service, relaxing erotic massage for women in Prague.\",\"breadcrumb\":{\"@id\":\"https:\/\/www.czech-massage.cz\/cs\/erotic-massage-for-woman\/#breadcrumb\"},\"inLanguage\":\"cs\",\"potentialAction\":[{\"@type\":\"ReadAction\",\"target\":[\"https:\/\/www.czech-massage.cz\/cs\/erotic-massage-for-woman\/\"]}]},{\"@type\":\"BreadcrumbList\",\"@id\":\"https:\/\/www.czech-massage.cz\/cs\/erotic-massage-for-woman\/#breadcrumb\",\"itemListElement\":[{\"@type\":\"ListItem\",\"position\":1,\"name\":\"Home\",\"item\":\"https:\/\/www.czech-massage.cz\/cs\/\"},{\"@type\":\"ListItem\",\"position\":2,\"name\":\"Mas\u00e1\u017ee pro \u017eeny\"}]},{\"@type\":\"WebSite\",\"@id\":\"https:\/\/www.czech-massage.cz\/#website\",\"url\":\"https:\/\/www.czech-massage.cz\/\",\"name\":\"\",\"description\":\"\",\"publisher\":{\"@id\":\"https:\/\/www.czech-massage.cz\/#organization\"},\"potentialAction\":[{\"@type\":\"SearchAction\",\"target\":{\"@type\":\"EntryPoint\",\"urlTemplate\":\"https:\/\/www.czech-massage.cz\/?s={search_term_string}\"},\"query-input\":\"required name=search_term_string\"}],\"inLanguage\":\"cs\"},{\"@type\":\"Organization\",\"@id\":\"https:\/\/www.czech-massage.cz\/#organization\",\"name\":\"Glamour Studio\",\"url\":\"https:\/\/www.czech-massage.cz\/\",\"logo\":{\"@type\":\"ImageObject\",\"inLanguage\":\"cs\",\"@id\":\"https:\/\/www.czech-massage.cz\/#\/schema\/logo\/image\/\",\"url\":\"https:\/\/www.czech-massage.cz\/wp-content\/uploads\/2019\/01\/glamur.png\",\"contentUrl\":\"https:\/\/www.czech-massage.cz\/wp-content\/uploads\/2019\/01\/glamur.png\",\"width\":540,\"height\":233,\"caption\":\"Glamour Studio\"},\"image\":{\"@id\":\"https:\/\/www.czech-massage.cz\/#\/schema\/logo\/image\/\"}}]}<\/script>\n<!-- \/ Yoast SEO plugin. -->","yoast_head_json":{"title":"Erotic Massage for Women in Prague |","description":"Glamor massage salon provides high-quality service, relaxing erotic massage for women in Prague.","robots":{"index":"index","follow":"follow","max-snippet":"max-snippet:-1","max-image-preview":"max-image-preview:large","max-video-preview":"max-video-preview:-1"},"canonical":"https:\/\/www.czech-massage.cz\/cs\/erotic-massage-for-woman\/","og_locale":"cs_CZ","og_type":"article","og_title":"Erotic Massage for Women in Prague |","og_description":"Glamor massage salon provides high-quality service, relaxing erotic massage for women in Prague.","og_url":"https:\/\/www.czech-massage.cz\/cs\/erotic-massage-for-woman\/","article_modified_time":"2024-07-06T06:41:42+00:00","og_image":[{"url":"https:\/\/www.czech-massage.cz\/wp-content\/uploads\/2019\/03\/eroticka-masaz-pro-zeny-300x225.jpg"}],"twitter_card":"summary_large_image","twitter_misc":{"Odhadovan\u00e1 doba \u010dten\u00ed":"3 minuty"},"schema":{"@context":"https:\/\/schema.org","@graph":[{"@type":"WebPage","@id":"https:\/\/www.czech-massage.cz\/cs\/erotic-massage-for-woman\/","url":"https:\/\/www.czech-massage.cz\/cs\/erotic-massage-for-woman\/","name":"Erotic Massage for Women in Prague |","isPartOf":{"@id":"https:\/\/www.czech-massage.cz\/#website"},"datePublished":"2019-02-06T08:44:28+00:00","dateModified":"2024-07-06T06:41:42+00:00","description":"Glamor massage salon provides high-quality service, relaxing erotic massage for women in Prague.","breadcrumb":{"@id":"https:\/\/www.czech-massage.cz\/cs\/erotic-massage-for-woman\/#breadcrumb"},"inLanguage":"cs","potentialAction":[{"@type":"ReadAction","target":["https:\/\/www.czech-massage.cz\/cs\/erotic-massage-for-woman\/"]}]},{"@type":"BreadcrumbList","@id":"https:\/\/www.czech-massage.cz\/cs\/erotic-massage-for-woman\/#breadcrumb","itemListElement":[{"@type":"ListItem","position":1,"name":"Home","item":"https:\/\/www.czech-massage.cz\/cs\/"},{"@type":"ListItem","position":2,"name":"Mas\u00e1\u017ee pro \u017eeny"}]},{"@type":"WebSite","@id":"https:\/\/www.czech-massage.cz\/#website","url":"https:\/\/www.czech-massage.cz\/","name":"","description":"","publisher":{"@id":"https:\/\/www.czech-massage.cz\/#organization"},"potentialAction":[{"@type":"SearchAction","target":{"@type":"EntryPoint","urlTemplate":"https:\/\/www.czech-massage.cz\/?s={search_term_string}"},"query-input":"required name=search_term_string"}],"inLanguage":"cs"},{"@type":"Organization","@id":"https:\/\/www.czech-massage.cz\/#organization","name":"Glamour Studio","url":"https:\/\/www.czech-massage.cz\/","logo":{"@type":"ImageObject","inLanguage":"cs","@id":"https:\/\/www.czech-massage.cz\/#\/schema\/logo\/image\/","url":"https:\/\/www.czech-massage.cz\/wp-content\/uploads\/2019\/01\/glamur.png","contentUrl":"https:\/\/www.czech-massage.cz\/wp-content\/uploads\/2019\/01\/glamur.png","width":540,"height":233,"caption":"Glamour Studio"},"image":{"@id":"https:\/\/www.czech-massage.cz\/#\/schema\/logo\/image\/"}}]}},"_links":{"self":[{"href":"https:\/\/www.czech-massage.cz\/cs\/wp-json\/wp\/v2\/pages\/6968"}],"collection":[{"href":"https:\/\/www.czech-massage.cz\/cs\/wp-json\/wp\/v2\/pages"}],"about":[{"href":"https:\/\/www.czech-massage.cz\/cs\/wp-json\/wp\/v2\/types\/page"}],"author":[{"embeddable":true,"href":"https:\/\/www.czech-massage.cz\/cs\/wp-json\/wp\/v2\/users\/1"}],"replies":[{"embeddable":true,"href":"https:\/\/www.czech-massage.cz\/cs\/wp-json\/wp\/v2\/comments?post=6968"}],"version-history":[{"count":2,"href":"https:\/\/www.czech-massage.cz\/cs\/wp-json\/wp\/v2\/pages\/6968\/revisions"}],"predecessor-version":[{"id":10816,"href":"https:\/\/www.czech-massage.cz\/cs\/wp-json\/wp\/v2\/pages\/6968\/revisions\/10816"}],"wp:attachment":[{"href":"https:\/\/www.czech-massage.cz\/cs\/wp-json\/wp\/v2\/media?parent=6968"}],"curies":[{"name":"wp","href":"https:\/\/api.w.org\/{rel}","templated":true}]}}