{"id":11778,"date":"2026-04-23T15:27:33","date_gmt":"2026-04-23T14:27:33","guid":{"rendered":"https:\/\/www.czech-massage.cz\/emma\/"},"modified":"2026-04-24T12:12:45","modified_gmt":"2026-04-24T11:12:45","slug":"emma","status":"publish","type":"page","link":"https:\/\/www.czech-massage.cz\/cs\/emma\/","title":{"rendered":"Emma"},"content":{"rendered":"<section class=\"wpb-content-wrapper\"><p>[vc_row row_type=&#8220;row&#8220; content_width=&#8220;full-width&#8220; anchor=&#8220;&#8220; content_aligment=&#8220;left&#8220; css_animation=&#8220;&#8220; css=&#8220;.vc_custom_1548153997553{padding-right: 10px !important;padding-left: 10px !important;}&#8220;][vc_column width=&#8220;1\/3&#8243;]<div class=\"eltd-image-gallery\">\r\n\t<div class=\"eltd-image-gallery-slider\" data-autoplay=\"10\" data-animation=\"fade\" data-navigation=\"yes\" data-pagination=\"no\">\r\n\t\t\t\t\t\t<img src=\"https:\/\/www.czech-massage.cz\/wp-content\/uploads\/2026\/04\/photo_2025-05-26_16-27-00.jpg\" alt=\"photo_2025-05-26_16-27-00\" width=\"665\" height=\"987\">\r\n\t\t\t\t\t\t\t<img src=\"https:\/\/www.czech-massage.cz\/wp-content\/uploads\/2026\/04\/photo_2025-05-26_16-27-00-2.jpg\" alt=\"photo_2025-05-26_16-27-00-2\" width=\"665\" height=\"993\">\r\n\t\t\t\t\t\t\t<img src=\"https:\/\/www.czech-massage.cz\/wp-content\/uploads\/2026\/04\/photo_2025-05-26_16-27-00-3.jpg\" alt=\"photo_2025-05-26_16-27-00-3\" width=\"665\" height=\"985\">\r\n\t\t\t\t<\/div>\r\n<\/div>[\/vc_column][vc_column width=&#8220;1\/3&#8243;][vc_column_text]Ahoj, jsem Emma, 25 let. Moje klidn\u00e1 a h\u0159ejiv\u00e1 energie v\u00e1m pom\u016f\u017ee uvolnit se hned od prvn\u00edho okam\u017eiku. M\u00e9 pohyby jsou plynul\u00e9 a promy\u0161len\u00e9, vytv\u00e1\u0159ej\u00ed vyv\u00e1\u017een\u00fd a poutav\u00fd z\u00e1\u017eitek. Zam\u011b\u0159uji se na skute\u010dn\u00e9 propojen\u00ed, za\u010d\u00edn\u00e1m pomalu a p\u0159izp\u016fsobuji se va\u0161emu rytmu. Pokud ocen\u00edte eleganci s jemnou jiskrou, jsem tu pro v\u00e1s.<\/p>\n<pre>V\u011bk: 25 let \r\nHmotnost: 50 kg\r\nV\u00fd\u0161ka: 165 cm \r\nPrsa \u010d. 2<\/pre>\n<p>[\/vc_column_text][\/vc_column][\/vc_row][vc_row row_type=&#8220;row&#8220; content_width=&#8220;full-width&#8220; anchor=&#8220;&#8220; content_aligment=&#8220;left&#8220; css_animation=&#8220;&#8220; css=&#8220;.vc_custom_1548324078944{margin-top: 20px !important;}&#8220;][vc_column]<div class=\"eltd-separator-holder clearfix  eltd-separator-center eltd-separator-full-width\">\r\n\t<div class=\"eltd-separator\" style=\"border-color: #dd9933;border-style: solid\"><\/div>\r\n<\/div>\r\n<div class=\"eltd-section-title-outer-holder \" style=\"text-align: center\">\n\t<div class=\"eltd-section-title-subtitle-holder\">\n\t\t<h3 class=\"eltd-section-subtitle\" style=\";\"><\/h3>\n\t<\/div>\n\t<div class=\"eltd-section-title-holder\">\n\t\t<h2 class=\"eltd-section-title\" style=\";color: #ffffff\">M\u016e\u017dETE SI VYBRAT TAK\u00c9 JINOU MAS\u00c9RKU<\/h2>\n\t<\/div>\n<\/div><div class=\"eltd-separator-holder clearfix  eltd-separator-center eltd-separator-full-width\">\r\n\t<div class=\"eltd-separator\" style=\"border-color: #dd9933;border-style: solid\"><\/div>\r\n<\/div>\r\n[vc_column_text]        <div class=\"wcp-carousel-main-wrap\">\r\n        <section class=\"wcp-slick\"  data-accessibility = on data-autoplay = on data-slidesToShow = 3 data-slidesToShowtab = 3 data-slidesToShowmob = 2 data-slidesToScroll = 3 data-arrows = on data-rows = 1 id=\"carousel-6983\">\r\n\r\n                            <div class=\"slick-slide carousel-item-11788\">\r\n                    <div class=\"post-style-2 rpc-bg rpc-box\">\r\n    <div class=\"wcp-img-wrap\">\r\n        <a href=\"https:\/\/www.czech-massage.cz\/cs\/lisa\/\">\r\n            <img width=\"550\" height=\"550\" src=\"https:\/\/www.czech-massage.cz\/wp-content\/uploads\/2026\/04\/photo_2025-10-29-14.53.18-550x550.jpeg\" class=\"attachment-chandelier_elated_square size-chandelier_elated_square wp-post-image\" alt=\"\" loading=\"lazy\" srcset=\"https:\/\/www.czech-massage.cz\/wp-content\/uploads\/2026\/04\/photo_2025-10-29-14.53.18-550x550.jpeg 550w, https:\/\/www.czech-massage.cz\/wp-content\/uploads\/2026\/04\/photo_2025-10-29-14.53.18-250x250.jpeg 250w\" sizes=\"(max-width: 550px) 100vw, 550px\" \/>        <\/a>\r\n    <\/div>\r\n    <div class=\"wcp-content-wrap\">\r\n        <h3>\r\n            <a class=\"rpc-title\" href=\"https:\/\/www.czech-massage.cz\/cs\/lisa\/\" target=\"_self\" class=\"rpc-title\">\r\n                            <\/a>\r\n        <\/h3>\r\n                <div class=\"wcp-post-contents rpc-content\">\r\n\r\n            Lisa\r\n            \r\n        <\/div>        \r\n    <\/div>\r\n<\/div>                <\/div>    \r\n\r\n                            <div class=\"slick-slide carousel-item-11778\">\r\n                    <div class=\"post-style-2 rpc-bg rpc-box\">\r\n    <div class=\"wcp-img-wrap\">\r\n        <a href=\"https:\/\/www.czech-massage.cz\/cs\/emma\/\">\r\n            <img width=\"550\" height=\"550\" src=\"https:\/\/www.czech-massage.cz\/wp-content\/uploads\/2026\/04\/photo_2025-05-26_16-27-00-550x550.jpg\" class=\"attachment-chandelier_elated_square size-chandelier_elated_square wp-post-image\" alt=\"\" loading=\"lazy\" srcset=\"https:\/\/www.czech-massage.cz\/wp-content\/uploads\/2026\/04\/photo_2025-05-26_16-27-00-550x550.jpg 550w, https:\/\/www.czech-massage.cz\/wp-content\/uploads\/2026\/04\/photo_2025-05-26_16-27-00-250x250.jpg 250w\" sizes=\"(max-width: 550px) 100vw, 550px\" \/>        <\/a>\r\n    <\/div>\r\n    <div class=\"wcp-content-wrap\">\r\n        <h3>\r\n            <a class=\"rpc-title\" href=\"https:\/\/www.czech-massage.cz\/cs\/emma\/\" target=\"_self\" class=\"rpc-title\">\r\n                            <\/a>\r\n        <\/h3>\r\n                <div class=\"wcp-post-contents rpc-content\">\r\n\r\n            Emma\r\n            \r\n        <\/div>        \r\n    <\/div>\r\n<\/div>                <\/div>    \r\n\r\n                            <div class=\"slick-slide carousel-item-11784\">\r\n                    <div class=\"post-style-2 rpc-bg rpc-box\">\r\n    <div class=\"wcp-img-wrap\">\r\n        <a href=\"https:\/\/www.czech-massage.cz\/cs\/kira\/\">\r\n            <img width=\"550\" height=\"550\" src=\"https:\/\/www.czech-massage.cz\/wp-content\/uploads\/2026\/04\/illyustracziya_bez_nazvaniya-20-550x550.png\" class=\"attachment-chandelier_elated_square size-chandelier_elated_square wp-post-image\" alt=\"\" loading=\"lazy\" srcset=\"https:\/\/www.czech-massage.cz\/wp-content\/uploads\/2026\/04\/illyustracziya_bez_nazvaniya-20-550x550.png 550w, https:\/\/www.czech-massage.cz\/wp-content\/uploads\/2026\/04\/illyustracziya_bez_nazvaniya-20-250x250.png 250w, https:\/\/www.czech-massage.cz\/wp-content\/uploads\/2026\/04\/illyustracziya_bez_nazvaniya-20-1000x1000.png 1000w\" sizes=\"(max-width: 550px) 100vw, 550px\" \/>        <\/a>\r\n    <\/div>\r\n    <div class=\"wcp-content-wrap\">\r\n        <h3>\r\n            <a class=\"rpc-title\" href=\"https:\/\/www.czech-massage.cz\/cs\/kira\/\" target=\"_self\" class=\"rpc-title\">\r\n                            <\/a>\r\n        <\/h3>\r\n                <div class=\"wcp-post-contents rpc-content\">\r\n\r\n            Kira\r\n            \r\n        <\/div>        \r\n    <\/div>\r\n<\/div>                <\/div>    \r\n\r\n                            <div class=\"slick-slide carousel-item-11792\">\r\n                    <div class=\"post-style-2 rpc-bg rpc-box\">\r\n    <div class=\"wcp-img-wrap\">\r\n        <a href=\"https:\/\/www.czech-massage.cz\/cs\/michelle\/\">\r\n            <img width=\"550\" height=\"550\" src=\"https:\/\/www.czech-massage.cz\/wp-content\/uploads\/2026\/04\/frame-1-550x550.png\" class=\"attachment-chandelier_elated_square size-chandelier_elated_square wp-post-image\" alt=\"\" loading=\"lazy\" srcset=\"https:\/\/www.czech-massage.cz\/wp-content\/uploads\/2026\/04\/frame-1-550x550.png 550w, https:\/\/www.czech-massage.cz\/wp-content\/uploads\/2026\/04\/frame-1-250x250.png 250w\" sizes=\"(max-width: 550px) 100vw, 550px\" \/>        <\/a>\r\n    <\/div>\r\n    <div class=\"wcp-content-wrap\">\r\n        <h3>\r\n            <a class=\"rpc-title\" href=\"https:\/\/www.czech-massage.cz\/cs\/michelle\/\" target=\"_self\" class=\"rpc-title\">\r\n                            <\/a>\r\n        <\/h3>\r\n                <div class=\"wcp-post-contents rpc-content\">\r\n\r\n            Michelle\r\n            \r\n        <\/div>        \r\n    <\/div>\r\n<\/div>                <\/div>    \r\n\r\n                            <div class=\"slick-slide carousel-item-11786\">\r\n                    <div class=\"post-style-2 rpc-bg rpc-box\">\r\n    <div class=\"wcp-img-wrap\">\r\n        <a href=\"https:\/\/www.czech-massage.cz\/cs\/kristina\/\">\r\n            <img width=\"550\" height=\"550\" src=\"https:\/\/www.czech-massage.cz\/wp-content\/uploads\/2026\/04\/photo_2025-08-26-18.32.57-550x550.jpeg\" class=\"attachment-chandelier_elated_square size-chandelier_elated_square wp-post-image\" alt=\"\" loading=\"lazy\" srcset=\"https:\/\/www.czech-massage.cz\/wp-content\/uploads\/2026\/04\/photo_2025-08-26-18.32.57-550x550.jpeg 550w, https:\/\/www.czech-massage.cz\/wp-content\/uploads\/2026\/04\/photo_2025-08-26-18.32.57-250x250.jpeg 250w\" sizes=\"(max-width: 550px) 100vw, 550px\" \/>        <\/a>\r\n    <\/div>\r\n    <div class=\"wcp-content-wrap\">\r\n        <h3>\r\n            <a class=\"rpc-title\" href=\"https:\/\/www.czech-massage.cz\/cs\/kristina\/\" target=\"_self\" class=\"rpc-title\">\r\n                            <\/a>\r\n        <\/h3>\r\n                <div class=\"wcp-post-contents rpc-content\">\r\n\r\n            Kristina\r\n            \r\n        <\/div>        \r\n    <\/div>\r\n<\/div>                <\/div>    \r\n\r\n                            <div class=\"slick-slide carousel-item-11790\">\r\n                    <div class=\"post-style-2 rpc-bg rpc-box\">\r\n    <div class=\"wcp-img-wrap\">\r\n        <a href=\"https:\/\/www.czech-massage.cz\/cs\/margo\/\">\r\n            <img width=\"550\" height=\"550\" src=\"https:\/\/www.czech-massage.cz\/wp-content\/uploads\/2026\/04\/photo-550x550.png\" class=\"attachment-chandelier_elated_square size-chandelier_elated_square wp-post-image\" alt=\"\" loading=\"lazy\" srcset=\"https:\/\/www.czech-massage.cz\/wp-content\/uploads\/2026\/04\/photo-550x550.png 550w, https:\/\/www.czech-massage.cz\/wp-content\/uploads\/2026\/04\/photo-250x250.png 250w\" sizes=\"(max-width: 550px) 100vw, 550px\" \/>        <\/a>\r\n    <\/div>\r\n    <div class=\"wcp-content-wrap\">\r\n        <h3>\r\n            <a class=\"rpc-title\" href=\"https:\/\/www.czech-massage.cz\/cs\/margo\/\" target=\"_self\" class=\"rpc-title\">\r\n                            <\/a>\r\n        <\/h3>\r\n                <div class=\"wcp-post-contents rpc-content\">\r\n\r\n            Margo\r\n            \r\n        <\/div>        \r\n    <\/div>\r\n<\/div>                <\/div>    \r\n\r\n                            <div class=\"slick-slide carousel-item-11776\">\r\n                    <div class=\"post-style-2 rpc-bg rpc-box\">\r\n    <div class=\"wcp-img-wrap\">\r\n        <a href=\"https:\/\/www.czech-massage.cz\/cs\/diana\/\">\r\n            <img width=\"550\" height=\"550\" src=\"https:\/\/www.czech-massage.cz\/wp-content\/uploads\/2026\/04\/photo_2026-03-13-16.50.42-e1773409910630-550x550.jpeg\" class=\"attachment-chandelier_elated_square size-chandelier_elated_square wp-post-image\" alt=\"\" loading=\"lazy\" srcset=\"https:\/\/www.czech-massage.cz\/wp-content\/uploads\/2026\/04\/photo_2026-03-13-16.50.42-e1773409910630-550x550.jpeg 550w, https:\/\/www.czech-massage.cz\/wp-content\/uploads\/2026\/04\/photo_2026-03-13-16.50.42-e1773409910630-250x250.jpeg 250w\" sizes=\"(max-width: 550px) 100vw, 550px\" \/>        <\/a>\r\n    <\/div>\r\n    <div class=\"wcp-content-wrap\">\r\n        <h3>\r\n            <a class=\"rpc-title\" href=\"https:\/\/www.czech-massage.cz\/cs\/diana\/\" target=\"_self\" class=\"rpc-title\">\r\n                            <\/a>\r\n        <\/h3>\r\n                <div class=\"wcp-post-contents rpc-content\">\r\n\r\n            Diana\r\n            \r\n        <\/div>        \r\n    <\/div>\r\n<\/div>                <\/div>    \r\n\r\n                \r\n        <\/section>\r\n        <\/div>\r\n        <style>#carousel-6983 .slick-prev:before, #carousel-6983 .slick-next:before { color: #000000 !important;}#carousel-6983 .slick-slide { margin: 2px ; } #carousel-6983 .rpc-title { color: ; } #carousel-6983 .rpc-content { color: ; } #carousel-6983 .rpc-date { background-color: ; } #carousel-6983 .rpc-date { color: ; } #carousel-6983 .rpc-overlay { background-color: ; } #carousel-6983 .carousel-style9 { border-top-color: ; } #carousel-6983 .carousel-style9 .button:before { background-color: ; } #carousel-6983 .rpc-box { box-shadow: ; } #carousel-6983 .rpc-bg { background-color: ; } #carousel-6983 .rpc-title-bg { background-color: ; } #carousel-6983 .fixed-height-image { height: ; } #carousel-6983 .slick-next:before { content: '\\ \\f0da '; } #carousel-6983 .slick-prev:before { content: '\\ \\f0d9'; }#carousel-6983 .slick-next:before, #carousel-6983 .slick-prev:before { background-color: #ffffff; padding: 5px; } #carousel-6983 .rpc-title { font-family: ; } #carousel-6983 .rpc-title { font-size: ; } #carousel-6983 .rpc-content { font-family: ; } #carousel-6983 .rpc-content { font-size: ; } <\/style>[\/vc_column_text][\/vc_column][\/vc_row][vc_row row_type=&#8220;row&#8220; content_width=&#8220;full-width&#8220; anchor=&#8220;&#8220; content_aligment=&#8220;center&#8220; css_animation=&#8220;&#8220; css=&#8220;.vc_custom_1548324616745{background-color: #171d22 !important;background-position: center !important;background-repeat: no-repeat !important;background-size: cover !important;}&#8220;][vc_column]<div class=\"eltd-separator-holder clearfix  eltd-separator-center eltd-separator-full-width\">\r\n\t<div class=\"eltd-separator\" style=\"border-color: #dd9933;border-style: solid\"><\/div>\r\n<\/div>\r\n[vc_column_text]<\/p>\n<p style=\"text-align: center;\">V JAK\u00ddCH \u010cASECH JSME TU PRO V\u00c1S?<\/p>\n<p style=\"text-align: center;\">Mas\u00e1\u017e si m\u016f\u017eete objednat prost\u0159ednictv\u00edm na\u0161eho rezerva\u010dn\u00edho syst\u00e9mu na tomto webu nebo u na\u0161eho telefonn\u00edho oper\u00e1tora.<\/p>\n<p style=\"text-align: center;\">PO-P\u00c1 od 10:00 do 24:00 SO-NE od 11:00 do 01:00<\/p>\n<p style=\"text-align: center;\"><a href=\"tel:+420 608 900 248\">Tel: +420 608 900 248 <\/a> <a href=\"viber:\/\/contact?number=%2B420608900248\"><img loading=\"lazy\" class=\"\" src=\"https:\/\/www.czech-massage.cz\/wp-content\/uploads\/2019\/02\/viber.png\" alt=\"Viber\" width=\"30\" height=\"auto\" \/><\/a> <a title=\"WhatsApp\" href=\"whatsapp:\/\/send?phone=+420608900248\"><img loading=\"lazy\" src=\"https:\/\/www.czech-massage.cz\/wp-content\/uploads\/2019\/02\/Whatsapp.png\" alt=\"Whatsapp\" width=\"30\" height=\"auto\" \/><\/a><\/p>\n<p style=\"text-align: center;\"><a href=\"mailto:glamour363@gmail.com\"> E-mail: glamour363@gmail.com<\/a><\/p>\n<p><!--\n\n\n<p style=\"text-align: center;\">[eltd_button size=\"\" type=\"solid\" text=\"Rezervace\" custom_class=\"\" icon_pack=\"font_awesome\" fa_icon=\"\" link=\"\/\/czech-massage.cz\/booking\/\" target=\"_self\" color=\"\" hover_color=\"\" background_color=\"red\" hover_background_color=\"\" border_color=\"\" hover_border_color=\"\" font_size=\"\" font_weight=\"400\" margin=\"\"]<\/p>\n\n\n --><\/p>\n<p style=\"text-align: center;\"><a class=\"eltd-btn eltd-btn-medium eltd-btn-solid\" style=\"background-color: red; font-weight: 400; padding: 13px 43px;\" href=\"whatsapp:\/\/send?phone=+420608900248\"><span class=\"eltd-btn-text\">Rezervace<\/span><i class=\"eltd-icon-font-awesome fa\"><\/i><\/a><\/p>\n<p>[\/vc_column_text]<div class=\"eltd-separator-holder clearfix  eltd-separator-center eltd-separator-full-width\">\r\n\t<div class=\"eltd-separator\" style=\"border-color: #dd9933;border-style: solid\"><\/div>\r\n<\/div>\r\n[\/vc_column][\/vc_row]<\/p>\n<\/section>","protected":false},"excerpt":{"rendered":"<p>[vc_row row_type=&#8220;row&#8220; content_width=&#8220;full-width&#8220; anchor=&#8220;&#8220; content_aligment=&#8220;left&#8220; css_animation=&#8220;&#8220; css=&#8220;.vc_custom_1548153997553{padding-right: 10px !important;padding-left: 10px !important;}&#8220;][vc_column width=&#8220;1\/3&#8243;][\/vc_column][vc_column width=&#8220;1\/3&#8243;][vc_column_text]Ahoj, jsem Emma, 25 let. Moje klidn\u00e1 a h\u0159ejiv\u00e1 energie v\u00e1m pom\u016f\u017ee uvolnit se hned od prvn\u00edho okam\u017eiku. M\u00e9 pohyby jsou plynul\u00e9 a promy\u0161len\u00e9, vytv\u00e1\u0159ej\u00ed vyv\u00e1\u017een\u00fd a poutav\u00fd z\u00e1\u017eitek. Zam\u011b\u0159uji se na skute\u010dn\u00e9&#8230;<\/p>\n","protected":false},"author":1,"featured_media":11745,"parent":0,"menu_order":0,"comment_status":"closed","ping_status":"closed","template":"","meta":[],"yoast_head":"<!-- This site is optimized with the Yoast SEO plugin v20.1 - https:\/\/yoast.com\/wordpress\/plugins\/seo\/ -->\n<title>Emma |<\/title>\n<meta name=\"robots\" content=\"index, follow, max-snippet:-1, max-image-preview:large, max-video-preview:-1\" \/>\n<link rel=\"canonical\" href=\"https:\/\/www.czech-massage.cz\/cs\/emma\/\" \/>\n<meta property=\"og:locale\" content=\"cs_CZ\" \/>\n<meta property=\"og:type\" content=\"article\" \/>\n<meta property=\"og:title\" content=\"Emma |\" \/>\n<meta property=\"og:description\" content=\"[vc_row row_type=&#8220;row&#8220; content_width=&#8220;full-width&#8220; anchor=&#8220;&#8220; content_aligment=&#8220;left&#8220; css_animation=&#8220;&#8220; css=&#8220;.vc_custom_1548153997553{padding-right: 10px !important;padding-left: 10px !important;}&#8220;][vc_column width=&#8220;1\/3&#8243;][\/vc_column][vc_column width=&#8220;1\/3&#8243;][vc_column_text]Ahoj, jsem Emma, 25 let. Moje klidn\u00e1 a h\u0159ejiv\u00e1 energie v\u00e1m pom\u016f\u017ee uvolnit se hned od prvn\u00edho okam\u017eiku. M\u00e9 pohyby jsou plynul\u00e9 a promy\u0161len\u00e9, vytv\u00e1\u0159ej\u00ed vyv\u00e1\u017een\u00fd a poutav\u00fd z\u00e1\u017eitek. Zam\u011b\u0159uji se na skute\u010dn\u00e9...\" \/>\n<meta property=\"og:url\" content=\"https:\/\/www.czech-massage.cz\/cs\/emma\/\" \/>\n<meta property=\"article:modified_time\" content=\"2026-04-24T11:12:45+00:00\" \/>\n<meta property=\"og:image\" content=\"https:\/\/www.czech-massage.cz\/wp-content\/uploads\/2026\/04\/photo_2025-05-26_16-27-00.jpg\" \/>\n\t<meta property=\"og:image:width\" content=\"665\" \/>\n\t<meta property=\"og:image:height\" content=\"987\" \/>\n\t<meta property=\"og:image:type\" content=\"image\/jpeg\" \/>\n<meta name=\"twitter:card\" content=\"summary_large_image\" \/>\n<meta name=\"twitter:label1\" content=\"Odhadovan\u00e1 doba \u010dten\u00ed\" \/>\n\t<meta name=\"twitter:data1\" content=\"2 minuty\" \/>\n<script type=\"application\/ld+json\" class=\"yoast-schema-graph\">{\"@context\":\"https:\/\/schema.org\",\"@graph\":[{\"@type\":\"WebPage\",\"@id\":\"https:\/\/www.czech-massage.cz\/cs\/emma\/\",\"url\":\"https:\/\/www.czech-massage.cz\/cs\/emma\/\",\"name\":\"Emma |\",\"isPartOf\":{\"@id\":\"https:\/\/www.czech-massage.cz\/#website\"},\"datePublished\":\"2026-04-23T14:27:33+00:00\",\"dateModified\":\"2026-04-24T11:12:45+00:00\",\"breadcrumb\":{\"@id\":\"https:\/\/www.czech-massage.cz\/cs\/emma\/#breadcrumb\"},\"inLanguage\":\"cs\",\"potentialAction\":[{\"@type\":\"ReadAction\",\"target\":[\"https:\/\/www.czech-massage.cz\/cs\/emma\/\"]}]},{\"@type\":\"BreadcrumbList\",\"@id\":\"https:\/\/www.czech-massage.cz\/cs\/emma\/#breadcrumb\",\"itemListElement\":[{\"@type\":\"ListItem\",\"position\":1,\"name\":\"Home\",\"item\":\"https:\/\/www.czech-massage.cz\/cs\/\"},{\"@type\":\"ListItem\",\"position\":2,\"name\":\"Emma\"}]},{\"@type\":\"WebSite\",\"@id\":\"https:\/\/www.czech-massage.cz\/#website\",\"url\":\"https:\/\/www.czech-massage.cz\/\",\"name\":\"\",\"description\":\"\",\"publisher\":{\"@id\":\"https:\/\/www.czech-massage.cz\/#organization\"},\"potentialAction\":[{\"@type\":\"SearchAction\",\"target\":{\"@type\":\"EntryPoint\",\"urlTemplate\":\"https:\/\/www.czech-massage.cz\/?s={search_term_string}\"},\"query-input\":\"required name=search_term_string\"}],\"inLanguage\":\"cs\"},{\"@type\":\"Organization\",\"@id\":\"https:\/\/www.czech-massage.cz\/#organization\",\"name\":\"Glamour Studio\",\"url\":\"https:\/\/www.czech-massage.cz\/\",\"logo\":{\"@type\":\"ImageObject\",\"inLanguage\":\"cs\",\"@id\":\"https:\/\/www.czech-massage.cz\/#\/schema\/logo\/image\/\",\"url\":\"https:\/\/www.czech-massage.cz\/wp-content\/uploads\/2019\/01\/glamur.png\",\"contentUrl\":\"https:\/\/www.czech-massage.cz\/wp-content\/uploads\/2019\/01\/glamur.png\",\"width\":540,\"height\":233,\"caption\":\"Glamour Studio\"},\"image\":{\"@id\":\"https:\/\/www.czech-massage.cz\/#\/schema\/logo\/image\/\"}}]}<\/script>\n<!-- \/ Yoast SEO plugin. -->","yoast_head_json":{"title":"Emma |","robots":{"index":"index","follow":"follow","max-snippet":"max-snippet:-1","max-image-preview":"max-image-preview:large","max-video-preview":"max-video-preview:-1"},"canonical":"https:\/\/www.czech-massage.cz\/cs\/emma\/","og_locale":"cs_CZ","og_type":"article","og_title":"Emma |","og_description":"[vc_row row_type=&#8220;row&#8220; content_width=&#8220;full-width&#8220; anchor=&#8220;&#8220; content_aligment=&#8220;left&#8220; css_animation=&#8220;&#8220; css=&#8220;.vc_custom_1548153997553{padding-right: 10px !important;padding-left: 10px !important;}&#8220;][vc_column width=&#8220;1\/3&#8243;][\/vc_column][vc_column width=&#8220;1\/3&#8243;][vc_column_text]Ahoj, jsem Emma, 25 let. Moje klidn\u00e1 a h\u0159ejiv\u00e1 energie v\u00e1m pom\u016f\u017ee uvolnit se hned od prvn\u00edho okam\u017eiku. M\u00e9 pohyby jsou plynul\u00e9 a promy\u0161len\u00e9, vytv\u00e1\u0159ej\u00ed vyv\u00e1\u017een\u00fd a poutav\u00fd z\u00e1\u017eitek. Zam\u011b\u0159uji se na skute\u010dn\u00e9...","og_url":"https:\/\/www.czech-massage.cz\/cs\/emma\/","article_modified_time":"2026-04-24T11:12:45+00:00","og_image":[{"width":665,"height":987,"url":"https:\/\/www.czech-massage.cz\/wp-content\/uploads\/2026\/04\/photo_2025-05-26_16-27-00.jpg","type":"image\/jpeg"}],"twitter_card":"summary_large_image","twitter_misc":{"Odhadovan\u00e1 doba \u010dten\u00ed":"2 minuty"},"schema":{"@context":"https:\/\/schema.org","@graph":[{"@type":"WebPage","@id":"https:\/\/www.czech-massage.cz\/cs\/emma\/","url":"https:\/\/www.czech-massage.cz\/cs\/emma\/","name":"Emma |","isPartOf":{"@id":"https:\/\/www.czech-massage.cz\/#website"},"datePublished":"2026-04-23T14:27:33+00:00","dateModified":"2026-04-24T11:12:45+00:00","breadcrumb":{"@id":"https:\/\/www.czech-massage.cz\/cs\/emma\/#breadcrumb"},"inLanguage":"cs","potentialAction":[{"@type":"ReadAction","target":["https:\/\/www.czech-massage.cz\/cs\/emma\/"]}]},{"@type":"BreadcrumbList","@id":"https:\/\/www.czech-massage.cz\/cs\/emma\/#breadcrumb","itemListElement":[{"@type":"ListItem","position":1,"name":"Home","item":"https:\/\/www.czech-massage.cz\/cs\/"},{"@type":"ListItem","position":2,"name":"Emma"}]},{"@type":"WebSite","@id":"https:\/\/www.czech-massage.cz\/#website","url":"https:\/\/www.czech-massage.cz\/","name":"","description":"","publisher":{"@id":"https:\/\/www.czech-massage.cz\/#organization"},"potentialAction":[{"@type":"SearchAction","target":{"@type":"EntryPoint","urlTemplate":"https:\/\/www.czech-massage.cz\/?s={search_term_string}"},"query-input":"required name=search_term_string"}],"inLanguage":"cs"},{"@type":"Organization","@id":"https:\/\/www.czech-massage.cz\/#organization","name":"Glamour Studio","url":"https:\/\/www.czech-massage.cz\/","logo":{"@type":"ImageObject","inLanguage":"cs","@id":"https:\/\/www.czech-massage.cz\/#\/schema\/logo\/image\/","url":"https:\/\/www.czech-massage.cz\/wp-content\/uploads\/2019\/01\/glamur.png","contentUrl":"https:\/\/www.czech-massage.cz\/wp-content\/uploads\/2019\/01\/glamur.png","width":540,"height":233,"caption":"Glamour Studio"},"image":{"@id":"https:\/\/www.czech-massage.cz\/#\/schema\/logo\/image\/"}}]}},"_links":{"self":[{"href":"https:\/\/www.czech-massage.cz\/cs\/wp-json\/wp\/v2\/pages\/11778"}],"collection":[{"href":"https:\/\/www.czech-massage.cz\/cs\/wp-json\/wp\/v2\/pages"}],"about":[{"href":"https:\/\/www.czech-massage.cz\/cs\/wp-json\/wp\/v2\/types\/page"}],"author":[{"embeddable":true,"href":"https:\/\/www.czech-massage.cz\/cs\/wp-json\/wp\/v2\/users\/1"}],"replies":[{"embeddable":true,"href":"https:\/\/www.czech-massage.cz\/cs\/wp-json\/wp\/v2\/comments?post=11778"}],"version-history":[{"count":1,"href":"https:\/\/www.czech-massage.cz\/cs\/wp-json\/wp\/v2\/pages\/11778\/revisions"}],"predecessor-version":[{"id":11812,"href":"https:\/\/www.czech-massage.cz\/cs\/wp-json\/wp\/v2\/pages\/11778\/revisions\/11812"}],"wp:featuredmedia":[{"embeddable":true,"href":"https:\/\/www.czech-massage.cz\/cs\/wp-json\/wp\/v2\/media\/11745"}],"wp:attachment":[{"href":"https:\/\/www.czech-massage.cz\/cs\/wp-json\/wp\/v2\/media?parent=11778"}],"curies":[{"name":"wp","href":"https:\/\/api.w.org\/{rel}","templated":true}]}}